{"id":173,"date":"2023-02-14T17:37:58","date_gmt":"2023-02-14T16:37:58","guid":{"rendered":"https:\/\/alnavocate.fr\/?page_id=173"},"modified":"2024-12-13T13:03:30","modified_gmt":"2024-12-13T12:03:30","slug":"accident-de-la-vie","status":"publish","type":"page","link":"https:\/\/alnavocate.fr\/index.php\/accident-de-la-vie\/","title":{"rendered":"Accident de la vie"},"content":{"rendered":"<p>[et_pb_section fb_built=\u00a0\u00bb1&Prime; _builder_version=\u00a0\u00bb4.19.5&Prime; _module_preset=\u00a0\u00bbdefault\u00a0\u00bb background_enable_image=\u00a0\u00bboff\u00a0\u00bb min_height=\u00a0\u00bb355px\u00a0\u00bb custom_padding=\u00a0\u00bb0px|||||\u00a0\u00bb global_colors_info=\u00a0\u00bb{}\u00a0\u00bb][et_pb_row _builder_version=\u00a0\u00bb4.19.5&Prime; _module_preset=\u00a0\u00bbdefault\u00a0\u00bb global_colors_info=\u00a0\u00bb{}\u00a0\u00bb][et_pb_column type=\u00a0\u00bb4_4&Prime; _builder_version=\u00a0\u00bb4.19.5&Prime; _module_preset=\u00a0\u00bbdefault\u00a0\u00bb global_colors_info=\u00a0\u00bb{}\u00a0\u00bb][et_pb_text _builder_version=\u00a0\u00bb4.19.5&Prime; _module_preset=\u00a0\u00bbdefault\u00a0\u00bb header_text_color=\u00a0\u00bb#59888F\u00a0\u00bb global_colors_info=\u00a0\u00bb{}\u00a0\u00bb]<\/p>\n<h1>Accidents de la vie<\/h1>\n<p>[\/et_pb_text][\/et_pb_column][\/et_pb_row][et_pb_row column_structure=\u00a0\u00bb2_5,3_5&Prime; _builder_version=\u00a0\u00bb4.19.5&Prime; _module_preset=\u00a0\u00bbdefault\u00a0\u00bb custom_margin=\u00a0\u00bb-26px|auto||auto||\u00a0\u00bb global_colors_info=\u00a0\u00bb{}\u00a0\u00bb][et_pb_column type=\u00a0\u00bb2_5&Prime; _builder_version=\u00a0\u00bb4.19.5&Prime; _module_preset=\u00a0\u00bbdefault\u00a0\u00bb global_colors_info=\u00a0\u00bb{}\u00a0\u00bb][et_pb_image src=\u00a0\u00bbhttps:\/\/alnavocate.fr\/wp-content\/uploads\/2023\/03\/accidentde-la-vie03.jpg\u00a0\u00bb alt=\u00a0\u00bbAlexia Leveill\u00e9 Nizerolle accident de la vie\u00a0\u00bb title_text=\u00a0\u00bbaccidentde-la-vie03&Prime; _builder_version=\u00a0\u00bb4.19.5&Prime; _module_preset=\u00a0\u00bbdefault\u00a0\u00bb border_width_all=\u00a0\u00bb8px\u00a0\u00bb border_color_all=\u00a0\u00bbrgba(242,233,230,0.46)\u00a0\u00bb box_shadow_style=\u00a0\u00bbpreset3&Prime; box_shadow_vertical=\u00a0\u00bb8px\u00a0\u00bb global_colors_info=\u00a0\u00bb{}\u00a0\u00bb][\/et_pb_image][et_pb_text _builder_version=\u00a0\u00bb4.19.5&Prime; _module_preset=\u00a0\u00bbdefault\u00a0\u00bb text_font=\u00a0\u00bb|600||on|||||\u00a0\u00bb text_text_color=\u00a0\u00bb#59888F\u00a0\u00bb text_font_size=\u00a0\u00bb18px\u00a0\u00bb text_line_height=\u00a0\u00bb1em\u00a0\u00bb text_orientation=\u00a0\u00bbcenter\u00a0\u00bb custom_margin=\u00a0\u00bb|20px|14px|20px|false|false\u00a0\u00bb global_module=\u00a0\u00bb240&Prime; locked=\u00a0\u00bboff\u00a0\u00bb global_colors_info=\u00a0\u00bb{}\u00a0\u00bb]<\/p>\n<p>Une question ?<\/p>\n<p>[\/et_pb_text][et_pb_button button_url=\u00a0\u00bbmailto:aln@alnavocate.fr\u00a0\u00bb button_text=\u00a0\u00bbContactez-moi\u00a0\u00bb button_alignment=\u00a0\u00bbcenter\u00a0\u00bb _builder_version=\u00a0\u00bb4.19.5&Prime; _module_preset=\u00a0\u00bbdefault\u00a0\u00bb custom_button=\u00a0\u00bbon\u00a0\u00bb button_text_size=\u00a0\u00bb18px\u00a0\u00bb button_text_color=\u00a0\u00bb#FFFFFF\u00a0\u00bb button_bg_color=\u00a0\u00bb#59888F\u00a0\u00bb button_border_width=\u00a0\u00bb0px\u00a0\u00bb button_border_radius=\u00a0\u00bb2px\u00a0\u00bb button_font=\u00a0\u00bb|||on|||||\u00a0\u00bb custom_margin=\u00a0\u00bb-4px||||false|false\u00a0\u00bb custom_padding=\u00a0\u00bb4px||0px||false|false\u00a0\u00bb global_module=\u00a0\u00bb243&Prime; locked=\u00a0\u00bboff\u00a0\u00bb global_colors_info=\u00a0\u00bb{}\u00a0\u00bb][\/et_pb_button][\/et_pb_column][et_pb_column type=\u00a0\u00bb3_5&Prime; _builder_version=\u00a0\u00bb4.19.5&Prime; _module_preset=\u00a0\u00bbdefault\u00a0\u00bb global_colors_info=\u00a0\u00bb{}\u00a0\u00bb][et_pb_text _builder_version=\u00a0\u00bb4.27.0&Prime; _module_preset=\u00a0\u00bbdefault\u00a0\u00bb text_text_color=\u00a0\u00bb#676766&Prime; text_font_size=\u00a0\u00bb14px\u00a0\u00bb text_line_height=\u00a0\u00bb1.5em\u00a0\u00bb hover_enabled=\u00a0\u00bb0&Prime; global_colors_info=\u00a0\u00bb{}\u00a0\u00bb sticky_enabled=\u00a0\u00bb0&Prime;]<\/p>\n<p><strong><span style=\"color: #59888f;\">Accidents de la vie : votre indemnisation avec Ma\u00eetre Alexia LEVEILL\u00c9-NIZEROLLE, avocate \u00e0 Paris. <\/span><\/strong>Un accident de la vie courante peut survenir \u00e0 tout moment : chute domestique, incendie, intoxication, accident de bricolage ou encore morsure d\u2019animal. Ces situations, qu\u2019elles soient imputables \u00e0 un tiers ou non, peuvent entra\u00eener des pr\u00e9judices corporels, mat\u00e9riels et des r\u00e9percussions psychologiques.<\/p>\n<p><strong><span style=\"color: #676766;\">Si vous \u00eates victime d\u2019un accident de la vie, vous pourriez avoir droit \u00e0 une indemnisation. Les voies d\u2019indemnisation sont multiples et d\u00e9pendent des circonstances de l\u2019accident :<\/span><\/strong><\/p>\n<blockquote>\n<p>\u2022 Juridictions civiles ou p\u00e9nales : en cas de faute av\u00e9r\u00e9e, la responsabilit\u00e9 d\u2019un tiers peut \u00eatre engag\u00e9e pour couvrir vos pr\u00e9judices.<br \/>\u2022 Assurances accidents de la vie (GAV) : ces garanties, souvent m\u00e9connues, permettent une prise en charge m\u00eame en l\u2019absence de faute ou lorsque l\u2019accident r\u00e9sulte de votre propre imprudence.<\/p>\n<\/blockquote>\n<p><strong>En tant qu\u2019avocate exp\u00e9riment\u00e9e dans la gestion des dossiers d\u2019indemnisation des accidents de la vie, Ma\u00eetre Alexia LEVEILL\u00c9-NIZEROLLE, vous guide \u00e0 chaque \u00e9tape. Son r\u00f4le est de :<\/strong><\/p>\n<blockquote>\n<p>\u2022 Analyser votre situation pour identifier les responsabilit\u00e9s et droits potentiels.<br \/>\u2022 Vous conseiller sur la proc\u00e9dure la plus adapt\u00e9e (judiciaire ou amiable).<br \/>\u2022 \u00c9valuer l\u2019ensemble de vos pr\u00e9judices (corporels, mat\u00e9riels, moraux).<br \/>\u2022 D\u00e9fendre vos int\u00e9r\u00eats face aux assurances ou devant les tribunaux pour garantir une indemnisation juste et compl\u00e8te.<\/p>\n<\/blockquote>\n<p>[\/et_pb_text][\/et_pb_column][\/et_pb_row][\/et_pb_section][et_pb_section fb_built=\u00a0\u00bb1&Prime; _builder_version=\u00a0\u00bb4.19.5&Prime; _module_preset=\u00a0\u00bbdefault\u00a0\u00bb background_color=\u00a0\u00bb#859DA0&Prime; global_module=\u00a0\u00bb237&Prime; saved_tabs=\u00a0\u00bball\u00a0\u00bb locked=\u00a0\u00bboff\u00a0\u00bb global_colors_info=\u00a0\u00bb{}\u00a0\u00bb][et_pb_row column_structure=\u00a0\u00bb1_3,1_3,1_3&Prime; use_custom_gutter=\u00a0\u00bbon\u00a0\u00bb gutter_width=\u00a0\u00bb1&Prime; _builder_version=\u00a0\u00bb4.19.5&Prime; _module_preset=\u00a0\u00bbdefault\u00a0\u00bb max_width=\u00a0\u00bb837px\u00a0\u00bb custom_margin=\u00a0\u00bb-62px|auto||auto|false|false\u00a0\u00bb global_colors_info=\u00a0\u00bb{}\u00a0\u00bb][et_pb_column type=\u00a0\u00bb1_3&Prime; _builder_version=\u00a0\u00bb4.19.5&Prime; _module_preset=\u00a0\u00bbdefault\u00a0\u00bb global_colors_info=\u00a0\u00bb{}\u00a0\u00bb][et_pb_text _builder_version=\u00a0\u00bb4.20.4&Prime; _module_preset=\u00a0\u00bbdefault\u00a0\u00bb custom_margin=\u00a0\u00bb58px||45px||false|false\u00a0\u00bb global_colors_info=\u00a0\u00bb{}\u00a0\u00bb]<\/p>\n<p style=\"text-align: center;\"><a href=\"tel:0186261406\" target=\"_blank\" rel=\"noopener\"><span style=\"color: #ffffff;\">T\u00e9l. <span>01 86 26 14 06<\/span><\/span><\/a><br \/><a href=\"https:\/\/www.google.com\/maps?t=m&amp;hl=fr&amp;gl=FR&amp;q=4+Vla+George+Sand+75016+Paris\" target=\"_blank\" rel=\"noopener\"><span style=\"color: #ffffff;\">4 Villa George Sand<\/span><\/a><br \/><a href=\"https:\/\/www.google.com\/maps?t=m&amp;hl=fr&amp;gl=FR&amp;q=4+Vla+George+Sand+75016+Paris\" target=\"_blank\" rel=\"noopener\"><span style=\"color: #ffffff;\">76016 Paris<\/span><\/a><\/p>\n<p>[\/et_pb_text][\/et_pb_column][et_pb_column type=\u00a0\u00bb1_3&Prime; _builder_version=\u00a0\u00bb4.19.5&Prime; _module_preset=\u00a0\u00bbdefault\u00a0\u00bb global_colors_info=\u00a0\u00bb{}\u00a0\u00bb][et_pb_image src=\u00a0\u00bbhttps:\/\/alnavocate.fr\/wp-content\/uploads\/2023\/02\/Logo-aln2023-grand.png\u00a0\u00bb alt=\u00a0\u00bbLogo Alexia Leveill\u00e9-Nizerolle\u00a0\u00bb title_text=\u00a0\u00bbLogo-aln2023-grand\u00a0\u00bb align=\u00a0\u00bbcenter\u00a0\u00bb _builder_version=\u00a0\u00bb4.19.5&Prime; _module_preset=\u00a0\u00bbdefault\u00a0\u00bb width=\u00a0\u00bb62%\u00a0\u00bb custom_margin=\u00a0\u00bb0px||||false|false\u00a0\u00bb custom_padding=\u00a0\u00bb0px||||false|false\u00a0\u00bb global_colors_info=\u00a0\u00bb{}\u00a0\u00bb][\/et_pb_image][\/et_pb_column][et_pb_column type=\u00a0\u00bb1_3&Prime; _builder_version=\u00a0\u00bb4.19.5&Prime; _module_preset=\u00a0\u00bbdefault\u00a0\u00bb global_colors_info=\u00a0\u00bb{}\u00a0\u00bb][et_pb_text _builder_version=\u00a0\u00bb4.19.5&Prime; _dynamic_attributes=\u00a0\u00bblink_option_url\u00a0\u00bb _module_preset=\u00a0\u00bbdefault\u00a0\u00bb custom_margin=\u00a0\u00bb58px||45px||false|false\u00a0\u00bb link_option_url=\u00a0\u00bb@ET-DC@eyJkeW5hbWljIjp0cnVlLCJjb250ZW50IjoicG9zdF9saW5rX3VybF9wYWdlIiwic2V0dGluZ3MiOnsicG9zdF9pZCI6IjM4MiJ9fQ==@\u00a0\u00bb global_colors_info=\u00a0\u00bb{}\u00a0\u00bb]<\/p>\n<p style=\"text-align: center;\"><a href=\"https:\/\/alnavocate.fr\/index.php\/mentions-legales\"><span style=\"color: #ffffff;\">Mentions l\u00e9gales<\/span><\/a><br \/><a href=\"https:\/\/alnavocate.fr\/index.php\/plan-du-site\/\"><span style=\"color: #ffffff;\">Plan du site<\/span><\/a><br \/><a href=\"https:\/\/alnavocate.fr\/index.php\/politique-de-confidentialite\"><span style=\"color: #ffffff;\">Politique de confidentialit\u00e9<\/span><\/a><\/p>\n<p>[\/et_pb_text][\/et_pb_column][\/et_pb_row][\/et_pb_section]<\/p>\n","protected":false},"excerpt":{"rendered":"<p>Accidents de la vieUne question ? Accidents de la vie : votre indemnisation avec Ma\u00eetre Alexia LEVEILL\u00c9-NIZEROLLE, avocate \u00e0 Paris. Un accident de la vie courante peut survenir \u00e0 tout moment : chute domestique, incendie, intoxication, accident de bricolage ou encore morsure d\u2019animal. Ces situations, qu\u2019elles soient imputables \u00e0 un tiers ou non, peuvent entra\u00eener [&hellip;]<\/p>\n","protected":false},"author":1,"featured_media":0,"parent":0,"menu_order":0,"comment_status":"closed","ping_status":"closed","template":"","meta":{"_et_pb_use_builder":"on","_et_pb_old_content":"","_et_gb_content_width":"","footnotes":""},"class_list":["post-173","page","type-page","status-publish","hentry"],"yoast_head":"<!-- This site is optimized with the Yoast SEO plugin v24.7 - https:\/\/yoast.com\/wordpress\/plugins\/seo\/ -->\n<title>Accident de la vie - ALN AVOCATE<\/title>\n<meta name=\"robots\" content=\"index, follow, max-snippet:-1, max-image-preview:large, max-video-preview:-1\" \/>\n<link rel=\"canonical\" href=\"https:\/\/alnavocate.fr\/index.php\/accident-de-la-vie\/\" \/>\n<meta property=\"og:locale\" content=\"fr_FR\" \/>\n<meta property=\"og:type\" content=\"article\" \/>\n<meta property=\"og:title\" content=\"Accident de la vie - ALN AVOCATE\" \/>\n<meta property=\"og:description\" content=\"Accidents de la vieUne question ? Accidents de la vie : votre indemnisation avec Ma\u00eetre Alexia LEVEILL\u00c9-NIZEROLLE, avocate \u00e0 Paris. Un accident de la vie courante peut survenir \u00e0 tout moment : chute domestique, incendie, intoxication, accident de bricolage ou encore morsure d\u2019animal. Ces situations, qu\u2019elles soient imputables \u00e0 un tiers ou non, peuvent entra\u00eener [&hellip;]\" \/>\n<meta property=\"og:url\" content=\"https:\/\/alnavocate.fr\/index.php\/accident-de-la-vie\/\" \/>\n<meta property=\"og:site_name\" content=\"ALN AVOCATE\" \/>\n<meta property=\"article:modified_time\" content=\"2024-12-13T12:03:30+00:00\" \/>\n<meta property=\"og:image\" content=\"https:\/\/alnavocate.fr\/wp-content\/uploads\/2023\/07\/referencement-cabinet-alexia-leveille-nizerolle.jpg\" \/>\n\t<meta property=\"og:image:width\" content=\"1200\" \/>\n\t<meta property=\"og:image:height\" content=\"675\" \/>\n\t<meta property=\"og:image:type\" content=\"image\/jpeg\" \/>\n<meta name=\"twitter:card\" content=\"summary_large_image\" \/>\n<meta name=\"twitter:label1\" content=\"Dur\u00e9e de lecture estim\u00e9e\" \/>\n\t<meta name=\"twitter:data1\" content=\"4 minutes\" \/>\n<script type=\"application\/ld+json\" class=\"yoast-schema-graph\">{\"@context\":\"https:\/\/schema.org\",\"@graph\":[{\"@type\":\"WebPage\",\"@id\":\"https:\/\/alnavocate.fr\/index.php\/accident-de-la-vie\/\",\"url\":\"https:\/\/alnavocate.fr\/index.php\/accident-de-la-vie\/\",\"name\":\"Accident de la vie - ALN AVOCATE\",\"isPartOf\":{\"@id\":\"https:\/\/alnavocate.fr\/#website\"},\"datePublished\":\"2023-02-14T16:37:58+00:00\",\"dateModified\":\"2024-12-13T12:03:30+00:00\",\"breadcrumb\":{\"@id\":\"https:\/\/alnavocate.fr\/index.php\/accident-de-la-vie\/#breadcrumb\"},\"inLanguage\":\"fr-FR\",\"potentialAction\":[{\"@type\":\"ReadAction\",\"target\":[\"https:\/\/alnavocate.fr\/index.php\/accident-de-la-vie\/\"]}]},{\"@type\":\"BreadcrumbList\",\"@id\":\"https:\/\/alnavocate.fr\/index.php\/accident-de-la-vie\/#breadcrumb\",\"itemListElement\":[{\"@type\":\"ListItem\",\"position\":1,\"name\":\"Accueil\",\"item\":\"https:\/\/alnavocate.fr\/\"},{\"@type\":\"ListItem\",\"position\":2,\"name\":\"Accident de la vie\"}]},{\"@type\":\"WebSite\",\"@id\":\"https:\/\/alnavocate.fr\/#website\",\"url\":\"https:\/\/alnavocate.fr\/\",\"name\":\"ALN AVOCATE\",\"description\":\"Alexia LEVEILL\u00c9-NIZEROLLE - Avocat au barreau de Paris\",\"alternateName\":\"Alexia LEVEILL\u00c9-NIZEROLLE\",\"potentialAction\":[{\"@type\":\"SearchAction\",\"target\":{\"@type\":\"EntryPoint\",\"urlTemplate\":\"https:\/\/alnavocate.fr\/?s={search_term_string}\"},\"query-input\":{\"@type\":\"PropertyValueSpecification\",\"valueRequired\":true,\"valueName\":\"search_term_string\"}}],\"inLanguage\":\"fr-FR\"}]}<\/script>\n<!-- \/ Yoast SEO plugin. -->","yoast_head_json":{"title":"Accident de la vie - ALN AVOCATE","robots":{"index":"index","follow":"follow","max-snippet":"max-snippet:-1","max-image-preview":"max-image-preview:large","max-video-preview":"max-video-preview:-1"},"canonical":"https:\/\/alnavocate.fr\/index.php\/accident-de-la-vie\/","og_locale":"fr_FR","og_type":"article","og_title":"Accident de la vie - ALN AVOCATE","og_description":"Accidents de la vieUne question ? Accidents de la vie : votre indemnisation avec Ma\u00eetre Alexia LEVEILL\u00c9-NIZEROLLE, avocate \u00e0 Paris. Un accident de la vie courante peut survenir \u00e0 tout moment : chute domestique, incendie, intoxication, accident de bricolage ou encore morsure d\u2019animal. Ces situations, qu\u2019elles soient imputables \u00e0 un tiers ou non, peuvent entra\u00eener [&hellip;]","og_url":"https:\/\/alnavocate.fr\/index.php\/accident-de-la-vie\/","og_site_name":"ALN AVOCATE","article_modified_time":"2024-12-13T12:03:30+00:00","og_image":[{"width":1200,"height":675,"url":"https:\/\/alnavocate.fr\/wp-content\/uploads\/2023\/07\/referencement-cabinet-alexia-leveille-nizerolle.jpg","type":"image\/jpeg"}],"twitter_card":"summary_large_image","twitter_misc":{"Dur\u00e9e de lecture estim\u00e9e":"4 minutes"},"schema":{"@context":"https:\/\/schema.org","@graph":[{"@type":"WebPage","@id":"https:\/\/alnavocate.fr\/index.php\/accident-de-la-vie\/","url":"https:\/\/alnavocate.fr\/index.php\/accident-de-la-vie\/","name":"Accident de la vie - ALN AVOCATE","isPartOf":{"@id":"https:\/\/alnavocate.fr\/#website"},"datePublished":"2023-02-14T16:37:58+00:00","dateModified":"2024-12-13T12:03:30+00:00","breadcrumb":{"@id":"https:\/\/alnavocate.fr\/index.php\/accident-de-la-vie\/#breadcrumb"},"inLanguage":"fr-FR","potentialAction":[{"@type":"ReadAction","target":["https:\/\/alnavocate.fr\/index.php\/accident-de-la-vie\/"]}]},{"@type":"BreadcrumbList","@id":"https:\/\/alnavocate.fr\/index.php\/accident-de-la-vie\/#breadcrumb","itemListElement":[{"@type":"ListItem","position":1,"name":"Accueil","item":"https:\/\/alnavocate.fr\/"},{"@type":"ListItem","position":2,"name":"Accident de la vie"}]},{"@type":"WebSite","@id":"https:\/\/alnavocate.fr\/#website","url":"https:\/\/alnavocate.fr\/","name":"ALN AVOCATE","description":"Alexia LEVEILL\u00c9-NIZEROLLE - Avocat au barreau de Paris","alternateName":"Alexia LEVEILL\u00c9-NIZEROLLE","potentialAction":[{"@type":"SearchAction","target":{"@type":"EntryPoint","urlTemplate":"https:\/\/alnavocate.fr\/?s={search_term_string}"},"query-input":{"@type":"PropertyValueSpecification","valueRequired":true,"valueName":"search_term_string"}}],"inLanguage":"fr-FR"}]}},"_links":{"self":[{"href":"https:\/\/alnavocate.fr\/index.php\/wp-json\/wp\/v2\/pages\/173","targetHints":{"allow":["GET"]}}],"collection":[{"href":"https:\/\/alnavocate.fr\/index.php\/wp-json\/wp\/v2\/pages"}],"about":[{"href":"https:\/\/alnavocate.fr\/index.php\/wp-json\/wp\/v2\/types\/page"}],"author":[{"embeddable":true,"href":"https:\/\/alnavocate.fr\/index.php\/wp-json\/wp\/v2\/users\/1"}],"replies":[{"embeddable":true,"href":"https:\/\/alnavocate.fr\/index.php\/wp-json\/wp\/v2\/comments?post=173"}],"version-history":[{"count":18,"href":"https:\/\/alnavocate.fr\/index.php\/wp-json\/wp\/v2\/pages\/173\/revisions"}],"predecessor-version":[{"id":662,"href":"https:\/\/alnavocate.fr\/index.php\/wp-json\/wp\/v2\/pages\/173\/revisions\/662"}],"wp:attachment":[{"href":"https:\/\/alnavocate.fr\/index.php\/wp-json\/wp\/v2\/media?parent=173"}],"curies":[{"name":"wp","href":"https:\/\/api.w.org\/{rel}","templated":true}]}}