{"id":502,"date":"2023-09-14T11:49:41","date_gmt":"2023-09-14T09:49:41","guid":{"rendered":"https:\/\/alnavocate.fr\/?page_id=502"},"modified":"2023-11-10T10:48:30","modified_gmt":"2023-11-10T09:48:30","slug":"accident-de-voiture","status":"publish","type":"page","link":"https:\/\/alnavocate.fr\/index.php\/accident-de-voiture\/","title":{"rendered":"T\u00e9moignage accident de circulation"},"content":{"rendered":"<p>[et_pb_section fb_built=\u00a0\u00bb1&Prime; _builder_version=\u00a0\u00bb4.19.5&Prime; _module_preset=\u00a0\u00bbdefault\u00a0\u00bb background_enable_image=\u00a0\u00bboff\u00a0\u00bb min_height=\u00a0\u00bb355px\u00a0\u00bb custom_padding=\u00a0\u00bb0px|||||\u00a0\u00bb global_colors_info=\u00a0\u00bb{}\u00a0\u00bb][et_pb_row column_structure=\u00a0\u00bb1_4,3_4&Prime; _builder_version=\u00a0\u00bb4.19.5&Prime; _module_preset=\u00a0\u00bbdefault\u00a0\u00bb custom_margin=\u00a0\u00bb0px|auto||auto|false|false\u00a0\u00bb global_colors_info=\u00a0\u00bb{}\u00a0\u00bb][et_pb_column type=\u00a0\u00bb1_4&Prime; _builder_version=\u00a0\u00bb4.19.5&Prime; _module_preset=\u00a0\u00bbdefault\u00a0\u00bb global_colors_info=\u00a0\u00bb{}\u00a0\u00bb][et_pb_menu menu_id=\u00a0\u00bb13&Prime; _builder_version=\u00a0\u00bb4.20.4&Prime; _module_preset=\u00a0\u00bbdefault\u00a0\u00bb width=\u00a0\u00bb100%\u00a0\u00bb custom_padding=\u00a0\u00bb8px|8px|8px|8px|false|false\u00a0\u00bb border_radii=\u00a0\u00bbon|4px|4px|4px|4px\u00a0\u00bb border_width_all=\u00a0\u00bb2px\u00a0\u00bb border_color_all=\u00a0\u00bb#59888F\u00a0\u00bb border_style_all=\u00a0\u00bbdotted\u00a0\u00bb global_colors_info=\u00a0\u00bb{}\u00a0\u00bb][\/et_pb_menu][\/et_pb_column][et_pb_column type=\u00a0\u00bb3_4&Prime; _builder_version=\u00a0\u00bb4.19.5&Prime; _module_preset=\u00a0\u00bbdefault\u00a0\u00bb global_colors_info=\u00a0\u00bb{}\u00a0\u00bb][et_pb_text _builder_version=\u00a0\u00bb4.20.4&Prime; _module_preset=\u00a0\u00bbdefault\u00a0\u00bb global_colors_info=\u00a0\u00bb{}\u00a0\u00bb]<\/p>\n<h1>Client victime d&rsquo;un accident de circulation<\/h1>\n<p>[\/et_pb_text][et_pb_text _builder_version=\u00a0\u00bb4.20.4&Prime; _module_preset=\u00a0\u00bbdefault\u00a0\u00bb text_text_color=\u00a0\u00bb#676766&Prime; text_font_size=\u00a0\u00bb14px\u00a0\u00bb text_line_height=\u00a0\u00bb1.5em\u00a0\u00bb global_colors_info=\u00a0\u00bb{}\u00a0\u00bb]<\/p>\n<p>T\u00e9moignage re\u00e7u en Avril 2023 :<\/p>\n<p>\u00ab Apr\u00e8s avoir \u00e9t\u00e9 impliqu\u00e9e dans un accident de voiture en 2010, j\u2019ai \u00e9t\u00e9 confront\u00e9e \u00e0 une situation d\u00e9sastreuse due \u00e0 l\u2019inaction de mon ancien avocat, pour la d\u00e9fense de mes int\u00e9r\u00eats, aggravant ainsi ma situation.<\/p>\n<p>Heureusement, Me LEVEILL\u00c9-NIZEROLLE m\u2019a apport\u00e9 son soutien d\u00e8s le d\u00e9but, m\u2019a redonn\u00e9 espoir et a fait preuve de professionnalisme et de pers\u00e9v\u00e9rance.<\/p>\n<p>Bien que mon dossier soit complexe en raison de mes ant\u00e9c\u00e9dents m\u00e9dicaux, aggrav\u00e9s par l\u2019accident, Me LEVEILL\u00c9-NIZEROLLE a r\u00e9ussi \u00e0 prouver avec pr\u00e9cision que mes souffrances \u00e9taient li\u00e9es \u00e0 l\u2019accident et non \u00e0 mes ant\u00e9c\u00e9dents m\u00e9dicaux.<\/p>\n<p>Gr\u00e2ce \u00e0 son travail acharn\u00e9, la responsabilit\u00e9 de l\u2019assurance adverse a \u00e9t\u00e9 reconnue et mes s\u00e9quelles ont \u00e9t\u00e9 reconnue par le tribunal, ce qui \u00e9tait essentiel pour moi \u00bb.<\/p>\n<p>&nbsp;<\/p>\n<p>[\/et_pb_text][\/et_pb_column][\/et_pb_row][\/et_pb_section][et_pb_section fb_built=\u00a0\u00bb1&Prime; _builder_version=\u00a0\u00bb4.19.5&Prime; _module_preset=\u00a0\u00bbdefault\u00a0\u00bb background_color=\u00a0\u00bb#859DA0&Prime; global_module=\u00a0\u00bb237&Prime; saved_tabs=\u00a0\u00bball\u00a0\u00bb locked=\u00a0\u00bboff\u00a0\u00bb global_colors_info=\u00a0\u00bb{}\u00a0\u00bb][et_pb_row column_structure=\u00a0\u00bb1_3,1_3,1_3&Prime; use_custom_gutter=\u00a0\u00bbon\u00a0\u00bb gutter_width=\u00a0\u00bb1&Prime; _builder_version=\u00a0\u00bb4.19.5&Prime; _module_preset=\u00a0\u00bbdefault\u00a0\u00bb max_width=\u00a0\u00bb837px\u00a0\u00bb custom_margin=\u00a0\u00bb-62px|auto||auto|false|false\u00a0\u00bb global_colors_info=\u00a0\u00bb{}\u00a0\u00bb][et_pb_column type=\u00a0\u00bb1_3&Prime; _builder_version=\u00a0\u00bb4.19.5&Prime; _module_preset=\u00a0\u00bbdefault\u00a0\u00bb global_colors_info=\u00a0\u00bb{}\u00a0\u00bb][et_pb_text _builder_version=\u00a0\u00bb4.20.4&Prime; _module_preset=\u00a0\u00bbdefault\u00a0\u00bb custom_margin=\u00a0\u00bb58px||45px||false|false\u00a0\u00bb global_colors_info=\u00a0\u00bb{}\u00a0\u00bb]<\/p>\n<p style=\"text-align: center;\"><a href=\"tel:0186261406\" target=\"_blank\" rel=\"noopener\"><span style=\"color: #ffffff;\">T\u00e9l. <span>01 86 26 14 06<\/span><\/span><\/a><br \/><a href=\"https:\/\/www.google.com\/maps?t=m&amp;hl=fr&amp;gl=FR&amp;q=4+Vla+George+Sand+75016+Paris\" target=\"_blank\" rel=\"noopener\"><span style=\"color: #ffffff;\">4 Villa George Sand<\/span><\/a><br \/><a href=\"https:\/\/www.google.com\/maps?t=m&amp;hl=fr&amp;gl=FR&amp;q=4+Vla+George+Sand+75016+Paris\" target=\"_blank\" rel=\"noopener\"><span style=\"color: #ffffff;\">76016 Paris<\/span><\/a><\/p>\n<p>[\/et_pb_text][\/et_pb_column][et_pb_column type=\u00a0\u00bb1_3&Prime; _builder_version=\u00a0\u00bb4.19.5&Prime; _module_preset=\u00a0\u00bbdefault\u00a0\u00bb global_colors_info=\u00a0\u00bb{}\u00a0\u00bb][et_pb_image src=\u00a0\u00bbhttps:\/\/alnavocate.fr\/wp-content\/uploads\/2023\/02\/Logo-aln2023-grand.png\u00a0\u00bb alt=\u00a0\u00bbLogo Alexia Leveill\u00e9-Nizerolle\u00a0\u00bb title_text=\u00a0\u00bbLogo-aln2023-grand\u00a0\u00bb align=\u00a0\u00bbcenter\u00a0\u00bb _builder_version=\u00a0\u00bb4.19.5&Prime; _module_preset=\u00a0\u00bbdefault\u00a0\u00bb width=\u00a0\u00bb62%\u00a0\u00bb custom_margin=\u00a0\u00bb0px||||false|false\u00a0\u00bb custom_padding=\u00a0\u00bb0px||||false|false\u00a0\u00bb global_colors_info=\u00a0\u00bb{}\u00a0\u00bb][\/et_pb_image][\/et_pb_column][et_pb_column type=\u00a0\u00bb1_3&Prime; _builder_version=\u00a0\u00bb4.19.5&Prime; _module_preset=\u00a0\u00bbdefault\u00a0\u00bb global_colors_info=\u00a0\u00bb{}\u00a0\u00bb][et_pb_text _builder_version=\u00a0\u00bb4.19.5&Prime; _dynamic_attributes=\u00a0\u00bblink_option_url\u00a0\u00bb _module_preset=\u00a0\u00bbdefault\u00a0\u00bb custom_margin=\u00a0\u00bb58px||45px||false|false\u00a0\u00bb link_option_url=\u00a0\u00bb@ET-DC@eyJkeW5hbWljIjp0cnVlLCJjb250ZW50IjoicG9zdF9saW5rX3VybF9wYWdlIiwic2V0dGluZ3MiOnsicG9zdF9pZCI6IjM4MiJ9fQ==@\u00a0\u00bb global_colors_info=\u00a0\u00bb{}\u00a0\u00bb]<\/p>\n<p style=\"text-align: center;\"><a href=\"https:\/\/alnavocate.fr\/index.php\/mentions-legales\"><span style=\"color: #ffffff;\">Mentions l\u00e9gales<\/span><\/a><br \/><a href=\"https:\/\/alnavocate.fr\/index.php\/plan-du-site\/\"><span style=\"color: #ffffff;\">Plan du site<\/span><\/a><br \/><a href=\"https:\/\/alnavocate.fr\/index.php\/politique-de-confidentialite\"><span style=\"color: #ffffff;\">Politique de confidentialit\u00e9<\/span><\/a><\/p>\n<p>[\/et_pb_text][\/et_pb_column][\/et_pb_row][\/et_pb_section]<\/p>\n","protected":false},"excerpt":{"rendered":"<p>Client victime d&rsquo;un accident de circulationT\u00e9moignage re\u00e7u en Avril 2023 : \u00ab Apr\u00e8s avoir \u00e9t\u00e9 impliqu\u00e9e dans un accident de voiture en 2010, j\u2019ai \u00e9t\u00e9 confront\u00e9e \u00e0 une situation d\u00e9sastreuse due \u00e0 l\u2019inaction de mon ancien avocat, pour la d\u00e9fense de mes int\u00e9r\u00eats, aggravant ainsi ma situation. Heureusement, Me LEVEILL\u00c9-NIZEROLLE m\u2019a apport\u00e9 son soutien d\u00e8s [&hellip;]<\/p>\n","protected":false},"author":1,"featured_media":0,"parent":0,"menu_order":0,"comment_status":"closed","ping_status":"closed","template":"","meta":{"_et_pb_use_builder":"on","_et_pb_old_content":"","_et_gb_content_width":"","footnotes":""},"class_list":["post-502","page","type-page","status-publish","hentry"],"yoast_head":"<!-- This site is optimized with the Yoast SEO plugin v24.7 - https:\/\/yoast.com\/wordpress\/plugins\/seo\/ -->\n<title>T\u00e9moignage accident de circulation - ALN AVOCATE<\/title>\n<meta name=\"robots\" content=\"index, follow, max-snippet:-1, max-image-preview:large, max-video-preview:-1\" \/>\n<link rel=\"canonical\" href=\"https:\/\/alnavocate.fr\/index.php\/accident-de-voiture\/\" \/>\n<meta property=\"og:locale\" content=\"fr_FR\" \/>\n<meta property=\"og:type\" content=\"article\" \/>\n<meta property=\"og:title\" content=\"T\u00e9moignage accident de circulation - ALN AVOCATE\" \/>\n<meta property=\"og:description\" content=\"Client victime d&#039;un accident de circulationT\u00e9moignage re\u00e7u en Avril 2023 : \u00ab Apr\u00e8s avoir \u00e9t\u00e9 impliqu\u00e9e dans un accident de voiture en 2010, j\u2019ai \u00e9t\u00e9 confront\u00e9e \u00e0 une situation d\u00e9sastreuse due \u00e0 l\u2019inaction de mon ancien avocat, pour la d\u00e9fense de mes int\u00e9r\u00eats, aggravant ainsi ma situation. Heureusement, Me LEVEILL\u00c9-NIZEROLLE m\u2019a apport\u00e9 son soutien d\u00e8s [&hellip;]\" \/>\n<meta property=\"og:url\" content=\"https:\/\/alnavocate.fr\/index.php\/accident-de-voiture\/\" \/>\n<meta property=\"og:site_name\" content=\"ALN AVOCATE\" \/>\n<meta property=\"article:modified_time\" content=\"2023-11-10T09:48:30+00:00\" \/>\n<meta property=\"og:image\" content=\"https:\/\/alnavocate.fr\/wp-content\/uploads\/2023\/07\/referencement-cabinet-alexia-leveille-nizerolle.jpg\" \/>\n\t<meta property=\"og:image:width\" content=\"1200\" \/>\n\t<meta property=\"og:image:height\" content=\"675\" \/>\n\t<meta property=\"og:image:type\" content=\"image\/jpeg\" \/>\n<meta name=\"twitter:card\" content=\"summary_large_image\" \/>\n<script type=\"application\/ld+json\" class=\"yoast-schema-graph\">{\"@context\":\"https:\/\/schema.org\",\"@graph\":[{\"@type\":\"WebPage\",\"@id\":\"https:\/\/alnavocate.fr\/index.php\/accident-de-voiture\/\",\"url\":\"https:\/\/alnavocate.fr\/index.php\/accident-de-voiture\/\",\"name\":\"T\u00e9moignage accident de circulation - ALN AVOCATE\",\"isPartOf\":{\"@id\":\"https:\/\/alnavocate.fr\/#website\"},\"datePublished\":\"2023-09-14T09:49:41+00:00\",\"dateModified\":\"2023-11-10T09:48:30+00:00\",\"breadcrumb\":{\"@id\":\"https:\/\/alnavocate.fr\/index.php\/accident-de-voiture\/#breadcrumb\"},\"inLanguage\":\"fr-FR\",\"potentialAction\":[{\"@type\":\"ReadAction\",\"target\":[\"https:\/\/alnavocate.fr\/index.php\/accident-de-voiture\/\"]}]},{\"@type\":\"BreadcrumbList\",\"@id\":\"https:\/\/alnavocate.fr\/index.php\/accident-de-voiture\/#breadcrumb\",\"itemListElement\":[{\"@type\":\"ListItem\",\"position\":1,\"name\":\"Accueil\",\"item\":\"https:\/\/alnavocate.fr\/\"},{\"@type\":\"ListItem\",\"position\":2,\"name\":\"T\u00e9moignage accident de circulation\"}]},{\"@type\":\"WebSite\",\"@id\":\"https:\/\/alnavocate.fr\/#website\",\"url\":\"https:\/\/alnavocate.fr\/\",\"name\":\"ALN AVOCATE\",\"description\":\"Alexia LEVEILL\u00c9-NIZEROLLE - Avocat au barreau de Paris\",\"alternateName\":\"Alexia LEVEILL\u00c9-NIZEROLLE\",\"potentialAction\":[{\"@type\":\"SearchAction\",\"target\":{\"@type\":\"EntryPoint\",\"urlTemplate\":\"https:\/\/alnavocate.fr\/?s={search_term_string}\"},\"query-input\":{\"@type\":\"PropertyValueSpecification\",\"valueRequired\":true,\"valueName\":\"search_term_string\"}}],\"inLanguage\":\"fr-FR\"}]}<\/script>\n<!-- \/ Yoast SEO plugin. -->","yoast_head_json":{"title":"T\u00e9moignage accident de circulation - ALN AVOCATE","robots":{"index":"index","follow":"follow","max-snippet":"max-snippet:-1","max-image-preview":"max-image-preview:large","max-video-preview":"max-video-preview:-1"},"canonical":"https:\/\/alnavocate.fr\/index.php\/accident-de-voiture\/","og_locale":"fr_FR","og_type":"article","og_title":"T\u00e9moignage accident de circulation - ALN AVOCATE","og_description":"Client victime d'un accident de circulationT\u00e9moignage re\u00e7u en Avril 2023 : \u00ab Apr\u00e8s avoir \u00e9t\u00e9 impliqu\u00e9e dans un accident de voiture en 2010, j\u2019ai \u00e9t\u00e9 confront\u00e9e \u00e0 une situation d\u00e9sastreuse due \u00e0 l\u2019inaction de mon ancien avocat, pour la d\u00e9fense de mes int\u00e9r\u00eats, aggravant ainsi ma situation. Heureusement, Me LEVEILL\u00c9-NIZEROLLE m\u2019a apport\u00e9 son soutien d\u00e8s [&hellip;]","og_url":"https:\/\/alnavocate.fr\/index.php\/accident-de-voiture\/","og_site_name":"ALN AVOCATE","article_modified_time":"2023-11-10T09:48:30+00:00","og_image":[{"width":1200,"height":675,"url":"https:\/\/alnavocate.fr\/wp-content\/uploads\/2023\/07\/referencement-cabinet-alexia-leveille-nizerolle.jpg","type":"image\/jpeg"}],"twitter_card":"summary_large_image","schema":{"@context":"https:\/\/schema.org","@graph":[{"@type":"WebPage","@id":"https:\/\/alnavocate.fr\/index.php\/accident-de-voiture\/","url":"https:\/\/alnavocate.fr\/index.php\/accident-de-voiture\/","name":"T\u00e9moignage accident de circulation - ALN AVOCATE","isPartOf":{"@id":"https:\/\/alnavocate.fr\/#website"},"datePublished":"2023-09-14T09:49:41+00:00","dateModified":"2023-11-10T09:48:30+00:00","breadcrumb":{"@id":"https:\/\/alnavocate.fr\/index.php\/accident-de-voiture\/#breadcrumb"},"inLanguage":"fr-FR","potentialAction":[{"@type":"ReadAction","target":["https:\/\/alnavocate.fr\/index.php\/accident-de-voiture\/"]}]},{"@type":"BreadcrumbList","@id":"https:\/\/alnavocate.fr\/index.php\/accident-de-voiture\/#breadcrumb","itemListElement":[{"@type":"ListItem","position":1,"name":"Accueil","item":"https:\/\/alnavocate.fr\/"},{"@type":"ListItem","position":2,"name":"T\u00e9moignage accident de circulation"}]},{"@type":"WebSite","@id":"https:\/\/alnavocate.fr\/#website","url":"https:\/\/alnavocate.fr\/","name":"ALN AVOCATE","description":"Alexia LEVEILL\u00c9-NIZEROLLE - Avocat au barreau de Paris","alternateName":"Alexia LEVEILL\u00c9-NIZEROLLE","potentialAction":[{"@type":"SearchAction","target":{"@type":"EntryPoint","urlTemplate":"https:\/\/alnavocate.fr\/?s={search_term_string}"},"query-input":{"@type":"PropertyValueSpecification","valueRequired":true,"valueName":"search_term_string"}}],"inLanguage":"fr-FR"}]}},"_links":{"self":[{"href":"https:\/\/alnavocate.fr\/index.php\/wp-json\/wp\/v2\/pages\/502","targetHints":{"allow":["GET"]}}],"collection":[{"href":"https:\/\/alnavocate.fr\/index.php\/wp-json\/wp\/v2\/pages"}],"about":[{"href":"https:\/\/alnavocate.fr\/index.php\/wp-json\/wp\/v2\/types\/page"}],"author":[{"embeddable":true,"href":"https:\/\/alnavocate.fr\/index.php\/wp-json\/wp\/v2\/users\/1"}],"replies":[{"embeddable":true,"href":"https:\/\/alnavocate.fr\/index.php\/wp-json\/wp\/v2\/comments?post=502"}],"version-history":[{"count":8,"href":"https:\/\/alnavocate.fr\/index.php\/wp-json\/wp\/v2\/pages\/502\/revisions"}],"predecessor-version":[{"id":582,"href":"https:\/\/alnavocate.fr\/index.php\/wp-json\/wp\/v2\/pages\/502\/revisions\/582"}],"wp:attachment":[{"href":"https:\/\/alnavocate.fr\/index.php\/wp-json\/wp\/v2\/media?parent=502"}],"curies":[{"name":"wp","href":"https:\/\/api.w.org\/{rel}","templated":true}]}}