{"id":505,"date":"2023-09-14T11:52:26","date_gmt":"2023-09-14T09:52:26","guid":{"rendered":"https:\/\/alnavocate.fr\/?page_id=505"},"modified":"2023-11-10T10:49:41","modified_gmt":"2023-11-10T09:49:41","slug":"agression","status":"publish","type":"page","link":"https:\/\/alnavocate.fr\/index.php\/agression\/","title":{"rendered":"T\u00e9moignage agression"},"content":{"rendered":"<p>[et_pb_section fb_built=\u00a0\u00bb1&Prime; _builder_version=\u00a0\u00bb4.19.5&Prime; _module_preset=\u00a0\u00bbdefault\u00a0\u00bb background_enable_image=\u00a0\u00bboff\u00a0\u00bb min_height=\u00a0\u00bb355px\u00a0\u00bb custom_padding=\u00a0\u00bb0px|||||\u00a0\u00bb global_colors_info=\u00a0\u00bb{}\u00a0\u00bb][et_pb_row column_structure=\u00a0\u00bb1_4,3_4&Prime; _builder_version=\u00a0\u00bb4.19.5&Prime; _module_preset=\u00a0\u00bbdefault\u00a0\u00bb custom_margin=\u00a0\u00bb0px|auto||auto|false|false\u00a0\u00bb global_colors_info=\u00a0\u00bb{}\u00a0\u00bb][et_pb_column type=\u00a0\u00bb1_4&Prime; _builder_version=\u00a0\u00bb4.19.5&Prime; _module_preset=\u00a0\u00bbdefault\u00a0\u00bb global_colors_info=\u00a0\u00bb{}\u00a0\u00bb][et_pb_menu menu_id=\u00a0\u00bb13&Prime; _builder_version=\u00a0\u00bb4.20.4&Prime; _module_preset=\u00a0\u00bbdefault\u00a0\u00bb width=\u00a0\u00bb100%\u00a0\u00bb custom_padding=\u00a0\u00bb8px|8px|8px|8px|false|false\u00a0\u00bb border_radii=\u00a0\u00bbon|4px|4px|4px|4px\u00a0\u00bb border_width_all=\u00a0\u00bb1px\u00a0\u00bb border_color_all=\u00a0\u00bb#59888F\u00a0\u00bb border_style_all=\u00a0\u00bbdotted\u00a0\u00bb global_colors_info=\u00a0\u00bb{}\u00a0\u00bb][\/et_pb_menu][\/et_pb_column][et_pb_column type=\u00a0\u00bb3_4&Prime; _builder_version=\u00a0\u00bb4.19.5&Prime; _module_preset=\u00a0\u00bbdefault\u00a0\u00bb global_colors_info=\u00a0\u00bb{}\u00a0\u00bb][et_pb_text _builder_version=\u00a0\u00bb4.20.4&Prime; _module_preset=\u00a0\u00bbdefault\u00a0\u00bb global_colors_info=\u00a0\u00bb{}\u00a0\u00bb]<\/p>\n<h1>Client victime d&rsquo;une agression<\/h1>\n<p>[\/et_pb_text][et_pb_image src=\u00a0\u00bbhttps:\/\/alnavocate.fr\/wp-content\/uploads\/2023\/09\/alexia-leveille-nizerolle-temoignage.jpg\u00a0\u00bb alt=\u00a0\u00bbT\u00e9moignage d&rsquo;un client de l&rsquo;avocate Alexia Leveill\u00e9 Nizerolle qui a \u00e9t\u00e9 victime d&rsquo;une agression.\u00a0\u00bb title_text=\u00a0\u00bbalexia-leveille-nizerolle-temoignage\u00a0\u00bb _builder_version=\u00a0\u00bb4.20.4&Prime; _module_preset=\u00a0\u00bbdefault\u00a0\u00bb width=\u00a0\u00bb80%\u00a0\u00bb custom_margin=\u00a0\u00bb0px|0px|0px|0px|false|false\u00a0\u00bb global_colors_info=\u00a0\u00bb{}\u00a0\u00bb][\/et_pb_image][et_pb_text _builder_version=\u00a0\u00bb4.20.4&Prime; _module_preset=\u00a0\u00bbdefault\u00a0\u00bb text_text_color=\u00a0\u00bb#676766&Prime; text_font_size=\u00a0\u00bb14px\u00a0\u00bb text_line_height=\u00a0\u00bb1.5em\u00a0\u00bb global_colors_info=\u00a0\u00bb{}\u00a0\u00bb]<\/p>\n<p style=\"text-align: right;\">Barbizon, le 20 juillet 2023<\/p>\n<p>\u00ab Cher Ma\u00eetre,<\/p>\n<p>Je voulais vous \u00e9crire ce petit mot pour vous remercier de votre d\u00e9termination dans la d\u00e9fense de mes int\u00e9r\u00eats, dans une affaire, au d\u00e9but, prise \u00e0 la l\u00e9g\u00e8re par le parquet. Grace \u00e0 votre savoir-faire, mon pr\u00e9judice a \u00e9t\u00e9 \u00e9valu\u00e9 et une condamnation a \u00e9t\u00e9 prononc\u00e9e contre mon agresseur.<\/p>\n<p>Vous m\u2019avez transf\u00e9r\u00e9 les fonds au moment o\u00f9 je regardais sur ARTE un film intitul\u00e9 \u00ab L\u2019odyss\u00e9e de Pi Patel \u00bb, \u00e7a ne s\u2019invente pas !<\/p>\n<p>Je ne manquerai pas de vous recommander \u00e0 mes proches.<\/p>\n<p>Vous souhaitant un bel \u00e9t\u00e9, je vous prie d\u2019agr\u00e9er cher Ma\u00eetre, l\u2019expression de ma plus haute consid\u00e9ration.<\/p>\n<p>&nbsp;<\/p>\n<p>[\/et_pb_text][\/et_pb_column][\/et_pb_row][\/et_pb_section][et_pb_section fb_built=\u00a0\u00bb1&Prime; _builder_version=\u00a0\u00bb4.19.5&Prime; _module_preset=\u00a0\u00bbdefault\u00a0\u00bb background_color=\u00a0\u00bb#859DA0&Prime; global_module=\u00a0\u00bb237&Prime; saved_tabs=\u00a0\u00bball\u00a0\u00bb locked=\u00a0\u00bboff\u00a0\u00bb global_colors_info=\u00a0\u00bb{}\u00a0\u00bb][et_pb_row column_structure=\u00a0\u00bb1_3,1_3,1_3&Prime; use_custom_gutter=\u00a0\u00bbon\u00a0\u00bb gutter_width=\u00a0\u00bb1&Prime; _builder_version=\u00a0\u00bb4.19.5&Prime; _module_preset=\u00a0\u00bbdefault\u00a0\u00bb max_width=\u00a0\u00bb837px\u00a0\u00bb custom_margin=\u00a0\u00bb-62px|auto||auto|false|false\u00a0\u00bb global_colors_info=\u00a0\u00bb{}\u00a0\u00bb][et_pb_column type=\u00a0\u00bb1_3&Prime; _builder_version=\u00a0\u00bb4.19.5&Prime; _module_preset=\u00a0\u00bbdefault\u00a0\u00bb global_colors_info=\u00a0\u00bb{}\u00a0\u00bb][et_pb_text _builder_version=\u00a0\u00bb4.20.4&Prime; _module_preset=\u00a0\u00bbdefault\u00a0\u00bb custom_margin=\u00a0\u00bb58px||45px||false|false\u00a0\u00bb global_colors_info=\u00a0\u00bb{}\u00a0\u00bb]<\/p>\n<p style=\"text-align: center;\"><a href=\"tel:0186261406\" target=\"_blank\" rel=\"noopener\"><span style=\"color: #ffffff;\">T\u00e9l. <span>01 86 26 14 06<\/span><\/span><\/a><br \/><a href=\"https:\/\/www.google.com\/maps?t=m&amp;hl=fr&amp;gl=FR&amp;q=4+Vla+George+Sand+75016+Paris\" target=\"_blank\" rel=\"noopener\"><span style=\"color: #ffffff;\">4 Villa George Sand<\/span><\/a><br \/><a href=\"https:\/\/www.google.com\/maps?t=m&amp;hl=fr&amp;gl=FR&amp;q=4+Vla+George+Sand+75016+Paris\" target=\"_blank\" rel=\"noopener\"><span style=\"color: #ffffff;\">76016 Paris<\/span><\/a><\/p>\n<p>[\/et_pb_text][\/et_pb_column][et_pb_column type=\u00a0\u00bb1_3&Prime; _builder_version=\u00a0\u00bb4.19.5&Prime; _module_preset=\u00a0\u00bbdefault\u00a0\u00bb global_colors_info=\u00a0\u00bb{}\u00a0\u00bb][et_pb_image src=\u00a0\u00bbhttps:\/\/alnavocate.fr\/wp-content\/uploads\/2023\/02\/Logo-aln2023-grand.png\u00a0\u00bb alt=\u00a0\u00bbLogo Alexia Leveill\u00e9-Nizerolle\u00a0\u00bb title_text=\u00a0\u00bbLogo-aln2023-grand\u00a0\u00bb align=\u00a0\u00bbcenter\u00a0\u00bb _builder_version=\u00a0\u00bb4.19.5&Prime; _module_preset=\u00a0\u00bbdefault\u00a0\u00bb width=\u00a0\u00bb62%\u00a0\u00bb custom_margin=\u00a0\u00bb0px||||false|false\u00a0\u00bb custom_padding=\u00a0\u00bb0px||||false|false\u00a0\u00bb global_colors_info=\u00a0\u00bb{}\u00a0\u00bb][\/et_pb_image][\/et_pb_column][et_pb_column type=\u00a0\u00bb1_3&Prime; _builder_version=\u00a0\u00bb4.19.5&Prime; _module_preset=\u00a0\u00bbdefault\u00a0\u00bb global_colors_info=\u00a0\u00bb{}\u00a0\u00bb][et_pb_text _builder_version=\u00a0\u00bb4.19.5&Prime; _dynamic_attributes=\u00a0\u00bblink_option_url\u00a0\u00bb _module_preset=\u00a0\u00bbdefault\u00a0\u00bb custom_margin=\u00a0\u00bb58px||45px||false|false\u00a0\u00bb link_option_url=\u00a0\u00bb@ET-DC@eyJkeW5hbWljIjp0cnVlLCJjb250ZW50IjoicG9zdF9saW5rX3VybF9wYWdlIiwic2V0dGluZ3MiOnsicG9zdF9pZCI6IjM4MiJ9fQ==@\u00a0\u00bb global_colors_info=\u00a0\u00bb{}\u00a0\u00bb]<\/p>\n<p style=\"text-align: center;\"><a href=\"https:\/\/alnavocate.fr\/index.php\/mentions-legales\"><span style=\"color: #ffffff;\">Mentions l\u00e9gales<\/span><\/a><br \/><a href=\"https:\/\/alnavocate.fr\/index.php\/plan-du-site\/\"><span style=\"color: #ffffff;\">Plan du site<\/span><\/a><br \/><a href=\"https:\/\/alnavocate.fr\/index.php\/politique-de-confidentialite\"><span style=\"color: #ffffff;\">Politique de confidentialit\u00e9<\/span><\/a><\/p>\n<p>[\/et_pb_text][\/et_pb_column][\/et_pb_row][\/et_pb_section]<\/p>\n","protected":false},"excerpt":{"rendered":"<p>Client victime d&rsquo;une agressionBarbizon, le 20 juillet 2023 \u00ab Cher Ma\u00eetre, Je voulais vous \u00e9crire ce petit mot pour vous remercier de votre d\u00e9termination dans la d\u00e9fense de mes int\u00e9r\u00eats, dans une affaire, au d\u00e9but, prise \u00e0 la l\u00e9g\u00e8re par le parquet. Grace \u00e0 votre savoir-faire, mon pr\u00e9judice a \u00e9t\u00e9 \u00e9valu\u00e9 et une condamnation a [&hellip;]<\/p>\n","protected":false},"author":1,"featured_media":0,"parent":0,"menu_order":0,"comment_status":"closed","ping_status":"closed","template":"","meta":{"_et_pb_use_builder":"on","_et_pb_old_content":"","_et_gb_content_width":"","footnotes":""},"class_list":["post-505","page","type-page","status-publish","hentry"],"yoast_head":"<!-- This site is optimized with the Yoast SEO plugin v24.7 - https:\/\/yoast.com\/wordpress\/plugins\/seo\/ -->\n<title>T\u00e9moignage agression - ALN AVOCATE<\/title>\n<meta name=\"robots\" content=\"index, follow, max-snippet:-1, max-image-preview:large, max-video-preview:-1\" \/>\n<link rel=\"canonical\" href=\"https:\/\/alnavocate.fr\/index.php\/agression\/\" \/>\n<meta property=\"og:locale\" content=\"fr_FR\" \/>\n<meta property=\"og:type\" content=\"article\" \/>\n<meta property=\"og:title\" content=\"T\u00e9moignage agression - ALN AVOCATE\" \/>\n<meta property=\"og:description\" content=\"Client victime d&#039;une agressionBarbizon, le 20 juillet 2023 \u00ab Cher Ma\u00eetre, Je voulais vous \u00e9crire ce petit mot pour vous remercier de votre d\u00e9termination dans la d\u00e9fense de mes int\u00e9r\u00eats, dans une affaire, au d\u00e9but, prise \u00e0 la l\u00e9g\u00e8re par le parquet. Grace \u00e0 votre savoir-faire, mon pr\u00e9judice a \u00e9t\u00e9 \u00e9valu\u00e9 et une condamnation a [&hellip;]\" \/>\n<meta property=\"og:url\" content=\"https:\/\/alnavocate.fr\/index.php\/agression\/\" \/>\n<meta property=\"og:site_name\" content=\"ALN AVOCATE\" \/>\n<meta property=\"article:modified_time\" content=\"2023-11-10T09:49:41+00:00\" \/>\n<meta property=\"og:image\" content=\"https:\/\/alnavocate.fr\/wp-content\/uploads\/2023\/07\/referencement-cabinet-alexia-leveille-nizerolle.jpg\" \/>\n\t<meta property=\"og:image:width\" content=\"1200\" \/>\n\t<meta property=\"og:image:height\" content=\"675\" \/>\n\t<meta property=\"og:image:type\" content=\"image\/jpeg\" \/>\n<meta name=\"twitter:card\" content=\"summary_large_image\" \/>\n<script type=\"application\/ld+json\" class=\"yoast-schema-graph\">{\"@context\":\"https:\/\/schema.org\",\"@graph\":[{\"@type\":\"WebPage\",\"@id\":\"https:\/\/alnavocate.fr\/index.php\/agression\/\",\"url\":\"https:\/\/alnavocate.fr\/index.php\/agression\/\",\"name\":\"T\u00e9moignage agression - ALN AVOCATE\",\"isPartOf\":{\"@id\":\"https:\/\/alnavocate.fr\/#website\"},\"datePublished\":\"2023-09-14T09:52:26+00:00\",\"dateModified\":\"2023-11-10T09:49:41+00:00\",\"breadcrumb\":{\"@id\":\"https:\/\/alnavocate.fr\/index.php\/agression\/#breadcrumb\"},\"inLanguage\":\"fr-FR\",\"potentialAction\":[{\"@type\":\"ReadAction\",\"target\":[\"https:\/\/alnavocate.fr\/index.php\/agression\/\"]}]},{\"@type\":\"BreadcrumbList\",\"@id\":\"https:\/\/alnavocate.fr\/index.php\/agression\/#breadcrumb\",\"itemListElement\":[{\"@type\":\"ListItem\",\"position\":1,\"name\":\"Accueil\",\"item\":\"https:\/\/alnavocate.fr\/\"},{\"@type\":\"ListItem\",\"position\":2,\"name\":\"T\u00e9moignage agression\"}]},{\"@type\":\"WebSite\",\"@id\":\"https:\/\/alnavocate.fr\/#website\",\"url\":\"https:\/\/alnavocate.fr\/\",\"name\":\"ALN AVOCATE\",\"description\":\"Alexia LEVEILL\u00c9-NIZEROLLE - Avocat au barreau de Paris\",\"alternateName\":\"Alexia LEVEILL\u00c9-NIZEROLLE\",\"potentialAction\":[{\"@type\":\"SearchAction\",\"target\":{\"@type\":\"EntryPoint\",\"urlTemplate\":\"https:\/\/alnavocate.fr\/?s={search_term_string}\"},\"query-input\":{\"@type\":\"PropertyValueSpecification\",\"valueRequired\":true,\"valueName\":\"search_term_string\"}}],\"inLanguage\":\"fr-FR\"}]}<\/script>\n<!-- \/ Yoast SEO plugin. -->","yoast_head_json":{"title":"T\u00e9moignage agression - ALN AVOCATE","robots":{"index":"index","follow":"follow","max-snippet":"max-snippet:-1","max-image-preview":"max-image-preview:large","max-video-preview":"max-video-preview:-1"},"canonical":"https:\/\/alnavocate.fr\/index.php\/agression\/","og_locale":"fr_FR","og_type":"article","og_title":"T\u00e9moignage agression - ALN AVOCATE","og_description":"Client victime d'une agressionBarbizon, le 20 juillet 2023 \u00ab Cher Ma\u00eetre, Je voulais vous \u00e9crire ce petit mot pour vous remercier de votre d\u00e9termination dans la d\u00e9fense de mes int\u00e9r\u00eats, dans une affaire, au d\u00e9but, prise \u00e0 la l\u00e9g\u00e8re par le parquet. Grace \u00e0 votre savoir-faire, mon pr\u00e9judice a \u00e9t\u00e9 \u00e9valu\u00e9 et une condamnation a [&hellip;]","og_url":"https:\/\/alnavocate.fr\/index.php\/agression\/","og_site_name":"ALN AVOCATE","article_modified_time":"2023-11-10T09:49:41+00:00","og_image":[{"width":1200,"height":675,"url":"https:\/\/alnavocate.fr\/wp-content\/uploads\/2023\/07\/referencement-cabinet-alexia-leveille-nizerolle.jpg","type":"image\/jpeg"}],"twitter_card":"summary_large_image","schema":{"@context":"https:\/\/schema.org","@graph":[{"@type":"WebPage","@id":"https:\/\/alnavocate.fr\/index.php\/agression\/","url":"https:\/\/alnavocate.fr\/index.php\/agression\/","name":"T\u00e9moignage agression - ALN AVOCATE","isPartOf":{"@id":"https:\/\/alnavocate.fr\/#website"},"datePublished":"2023-09-14T09:52:26+00:00","dateModified":"2023-11-10T09:49:41+00:00","breadcrumb":{"@id":"https:\/\/alnavocate.fr\/index.php\/agression\/#breadcrumb"},"inLanguage":"fr-FR","potentialAction":[{"@type":"ReadAction","target":["https:\/\/alnavocate.fr\/index.php\/agression\/"]}]},{"@type":"BreadcrumbList","@id":"https:\/\/alnavocate.fr\/index.php\/agression\/#breadcrumb","itemListElement":[{"@type":"ListItem","position":1,"name":"Accueil","item":"https:\/\/alnavocate.fr\/"},{"@type":"ListItem","position":2,"name":"T\u00e9moignage agression"}]},{"@type":"WebSite","@id":"https:\/\/alnavocate.fr\/#website","url":"https:\/\/alnavocate.fr\/","name":"ALN AVOCATE","description":"Alexia LEVEILL\u00c9-NIZEROLLE - Avocat au barreau de Paris","alternateName":"Alexia LEVEILL\u00c9-NIZEROLLE","potentialAction":[{"@type":"SearchAction","target":{"@type":"EntryPoint","urlTemplate":"https:\/\/alnavocate.fr\/?s={search_term_string}"},"query-input":{"@type":"PropertyValueSpecification","valueRequired":true,"valueName":"search_term_string"}}],"inLanguage":"fr-FR"}]}},"_links":{"self":[{"href":"https:\/\/alnavocate.fr\/index.php\/wp-json\/wp\/v2\/pages\/505","targetHints":{"allow":["GET"]}}],"collection":[{"href":"https:\/\/alnavocate.fr\/index.php\/wp-json\/wp\/v2\/pages"}],"about":[{"href":"https:\/\/alnavocate.fr\/index.php\/wp-json\/wp\/v2\/types\/page"}],"author":[{"embeddable":true,"href":"https:\/\/alnavocate.fr\/index.php\/wp-json\/wp\/v2\/users\/1"}],"replies":[{"embeddable":true,"href":"https:\/\/alnavocate.fr\/index.php\/wp-json\/wp\/v2\/comments?post=505"}],"version-history":[{"count":11,"href":"https:\/\/alnavocate.fr\/index.php\/wp-json\/wp\/v2\/pages\/505\/revisions"}],"predecessor-version":[{"id":583,"href":"https:\/\/alnavocate.fr\/index.php\/wp-json\/wp\/v2\/pages\/505\/revisions\/583"}],"wp:attachment":[{"href":"https:\/\/alnavocate.fr\/index.php\/wp-json\/wp\/v2\/media?parent=505"}],"curies":[{"name":"wp","href":"https:\/\/api.w.org\/{rel}","templated":true}]}}