{"id":589,"date":"2023-11-10T11:30:35","date_gmt":"2023-11-10T10:30:35","guid":{"rendered":"https:\/\/alnavocate.fr\/?page_id=589"},"modified":"2025-03-24T10:01:17","modified_gmt":"2025-03-24T09:01:17","slug":"vos-questions","status":"publish","type":"page","link":"https:\/\/alnavocate.fr\/index.php\/vos-questions\/","title":{"rendered":"Vos questions"},"content":{"rendered":"<p>[et_pb_section fb_built=\u00a0\u00bb1&Prime; _builder_version=\u00a0\u00bb4.19.5&Prime; _module_preset=\u00a0\u00bbdefault\u00a0\u00bb background_enable_image=\u00a0\u00bboff\u00a0\u00bb min_height=\u00a0\u00bb355px\u00a0\u00bb custom_padding=\u00a0\u00bb0px|||||\u00a0\u00bb global_colors_info=\u00a0\u00bb{}\u00a0\u00bb theme_builder_area=\u00a0\u00bbpost_content\u00a0\u00bb][et_pb_row column_structure=\u00a0\u00bb1_4,3_4&Prime; _builder_version=\u00a0\u00bb4.19.5&Prime; _module_preset=\u00a0\u00bbdefault\u00a0\u00bb custom_margin=\u00a0\u00bb0px|auto||auto|false|false\u00a0\u00bb global_colors_info=\u00a0\u00bb{}\u00a0\u00bb theme_builder_area=\u00a0\u00bbpost_content\u00a0\u00bb][et_pb_column type=\u00a0\u00bb1_4&Prime; _builder_version=\u00a0\u00bb4.19.5&Prime; _module_preset=\u00a0\u00bbdefault\u00a0\u00bb global_colors_info=\u00a0\u00bb{}\u00a0\u00bb theme_builder_area=\u00a0\u00bbpost_content\u00a0\u00bb][et_pb_menu menu_id=\u00a0\u00bb12&Prime; _builder_version=\u00a0\u00bb4.20.4&Prime; _module_preset=\u00a0\u00bbdefault\u00a0\u00bb width=\u00a0\u00bb100%\u00a0\u00bb custom_padding=\u00a0\u00bb8px|8px|8px|8px|false|false\u00a0\u00bb border_radii=\u00a0\u00bbon|4px|4px|4px|4px\u00a0\u00bb border_width_all=\u00a0\u00bb1px\u00a0\u00bb border_color_all=\u00a0\u00bb#59888F\u00a0\u00bb border_style_all=\u00a0\u00bbdotted\u00a0\u00bb global_colors_info=\u00a0\u00bb{}\u00a0\u00bb theme_builder_area=\u00a0\u00bbpost_content\u00a0\u00bb][\/et_pb_menu][et_pb_image src=\u00a0\u00bbhttps:\/\/alnavocate.fr\/wp-content\/uploads\/2023\/10\/infractions01.jpg\u00a0\u00bb alt=\u00a0\u00bbLe guide des infractions\u00a0\u00bb title_text=\u00a0\u00bbinfractions01&Prime; _builder_version=\u00a0\u00bb4.20.4&Prime; _module_preset=\u00a0\u00bbdefault\u00a0\u00bb border_width_all=\u00a0\u00bb8px\u00a0\u00bb border_color_all=\u00a0\u00bbrgba(242,233,230,0.46)\u00a0\u00bb box_shadow_style=\u00a0\u00bbpreset3&Prime; box_shadow_vertical=\u00a0\u00bb8px\u00a0\u00bb global_colors_info=\u00a0\u00bb{}\u00a0\u00bb theme_builder_area=\u00a0\u00bbpost_content\u00a0\u00bb][\/et_pb_image][\/et_pb_column][et_pb_column type=\u00a0\u00bb3_4&Prime; _builder_version=\u00a0\u00bb4.19.5&Prime; _module_preset=\u00a0\u00bbdefault\u00a0\u00bb global_colors_info=\u00a0\u00bb{}\u00a0\u00bb theme_builder_area=\u00a0\u00bbpost_content\u00a0\u00bb][et_pb_text _builder_version=\u00a0\u00bb4.19.5&Prime; _module_preset=\u00a0\u00bbdefault\u00a0\u00bb global_colors_info=\u00a0\u00bb{}\u00a0\u00bb theme_builder_area=\u00a0\u00bbpost_content\u00a0\u00bb]<\/p>\n<h1>Comment porter plainte ?<\/h1>\n<p>[\/et_pb_text][et_pb_text _builder_version=\u00a0\u00bb4.20.4&Prime; _module_preset=\u00a0\u00bbdefault\u00a0\u00bb text_text_color=\u00a0\u00bb#676766&Prime; text_font_size=\u00a0\u00bb14px\u00a0\u00bb text_line_height=\u00a0\u00bb1.5em\u00a0\u00bb global_colors_info=\u00a0\u00bb{}\u00a0\u00bb theme_builder_area=\u00a0\u00bbpost_content\u00a0\u00bb]<\/p>\n<p><strong>Si vous \u00eates victime d\u2019une infraction p\u00e9nale et que vous souhaitez que le ou les auteurs soient poursuivis devant les juridictions r\u00e9pressives, vous devez en premier lieu d\u00e9poser plainte pour qu\u2019une enqu\u00eate soit ouverte pour identifier l\u2019auteur de l\u2019infraction et collationner les preuves suffisantes pour qu\u2019il soit poursuivi.<\/strong><\/p>\n<p><strong><span style=\"color: #59888f;\">Vous avez deux possibilit\u00e9s\u00a0:<\/span><\/strong><\/p>\n<p><strong>Soit d\u00e9poser une \u00ab\u00a0plainte simple\u00a0\u00bb aupr\u00e8s des services de police ou de gendarmerie\u00a0:<\/strong><\/p>\n<blockquote>\n<p><u>&#8211; En vous rendant directement dans un commissariat pour d\u00e9poser plainte<\/u>, \u00e9tant pr\u00e9cis\u00e9 qu\u2019en vertu de l\u2019article 15-3 du Code de proc\u00e9dure p\u00e9nale\u00a0: <em>\u00ab\u00a0Les officiers et agents de police judiciaire sont tenus de recevoir les plaintes d\u00e9pos\u00e9es par les victimes d&rsquo;infractions \u00e0 la loi p\u00e9nale, y compris lorsque ces plaintes sont d\u00e9pos\u00e9es dans un service ou une unit\u00e9 de police judiciaire territorialement incomp\u00e9tents. Dans ce cas, la plainte est, s&rsquo;il y a lieu, transmise au service ou \u00e0 l&rsquo;unit\u00e9 territorialement comp\u00e9tents\u00a0\u00bb<\/em>;<\/p>\n<p><u>&#8211; Ou par voie \u00e9lectronique<\/u> <em>(art.\u00a015-3-1 du Code de proc\u00e9dure p\u00e9nale <\/em>cr\u00e9\u00e9 par la<em>n\u00b0\u00a02019-222, 23\u00a0mars 2019).<\/em> \u00c9tant pr\u00e9cis\u00e9 que la plainte par voie \u00e9lectronique ne peut pas vous \u00eatre impos\u00e9e\u00a0; si la nature ou la gravit\u00e9 des faits le justifie, le d\u00e9p\u00f4t d&rsquo;une plainte \u00e9lectronique ne dispense pas les enqu\u00eateurs de proc\u00e9der \u00e0 votre audition\u00a0;<\/p>\n<\/blockquote>\n<p><em><strong>Attention\u00a0: <\/strong>une fois votre plainte d\u00e9pos\u00e9e, un exemplaire vous sera remis. Il vous faut adresser une copie au Procureur de la R\u00e9publique du Tribunal judiciaire comp\u00e9tent (la comp\u00e9tence est celle du lieu de commission de l\u2019infraction ou du lieu o\u00f9 demeure l\u2019auteur s\u2019il est connu, ou son lieu de d\u00e9tention s\u2019il est incarc\u00e9r\u00e9) en courrier recommand\u00e9 avec accus\u00e9 de r\u00e9ception (conservez une copie et les r\u00e9c\u00e9piss\u00e9s d\u2019envoi et de r\u00e9ception imp\u00e9rativement).<\/em><\/p>\n<hr \/>\n<p><strong><br \/>Soit d\u00e9poser plainte entre les mains du Procureur de la R\u00e9publique territorialement comp\u00e9tent<\/strong> (la comp\u00e9tence est celle du lieu de commission de l\u2019infraction ou du lieu o\u00f9 demeure l\u2019auteur s\u2019il est connu, ou son lieu de d\u00e9tention s\u2019il est incarc\u00e9r\u00e9).<\/p>\n<p>Il vous faut adresser une lettre recommand\u00e9e avec accus\u00e9 de r\u00e9ception pr\u00e9cisant\u00a0:<\/p>\n<blockquote>\n<p>&#8211; Votre \u00e9tat civil (joignez une copie de votre pi\u00e8ce d\u2019identit\u00e9)\u00a0;<br \/>&#8211; Votre adresse\u00a0;<br \/>&#8211; La date (ou la p\u00e9riode) et le lieu des faits que vous d\u00e9noncez\u00a0;<br \/>&#8211; D\u00e9crivez synth\u00e9tiquement l\u2019infraction dont vous avez \u00e9t\u00e9 victime\u00a0;<br \/>&#8211; Donnez l\u2019identit\u00e9 de l\u2019auteur si vous la connaissez\u00a0;<br \/>&#8211; Joignez \u00e0 votre lettre des preuves si vous en avez\u00a0;<\/p>\n<\/blockquote>\n<p>\u00c0 compter de votre d\u00e9p\u00f4t de plainte (au commissariat ou entre les mains du Procureur) s\u2019ouvre un d\u00e9lai de 90 jours pour que l\u2019enqu\u00eate soit initi\u00e9e.<\/p>\n<p>A d\u00e9faut d\u2019enqu\u00eate dans ce d\u00e9lai de 90 jours ou en cas de classement sans suite de votre plainte, vous pourrez d\u00e9poser une <strong>plainte avec constitution de partie civile<\/strong> entre les mains d\u2019un juge d\u2019instruction.<\/p>\n<p>&nbsp;<\/p>\n<p>[\/et_pb_text][\/et_pb_column][\/et_pb_row][\/et_pb_section][et_pb_section fb_built=\u00a0\u00bb1&Prime; _builder_version=\u00a0\u00bb4.19.5&Prime; _module_preset=\u00a0\u00bbdefault\u00a0\u00bb background_color=\u00a0\u00bb#859DA0&Prime; global_module=\u00a0\u00bb237&Prime; saved_tabs=\u00a0\u00bball\u00a0\u00bb locked=\u00a0\u00bboff\u00a0\u00bb global_colors_info=\u00a0\u00bb{}\u00a0\u00bb theme_builder_area=\u00a0\u00bbpost_content\u00a0\u00bb][et_pb_row column_structure=\u00a0\u00bb1_3,1_3,1_3&Prime; use_custom_gutter=\u00a0\u00bbon\u00a0\u00bb gutter_width=\u00a0\u00bb1&Prime; _builder_version=\u00a0\u00bb4.19.5&Prime; _module_preset=\u00a0\u00bbdefault\u00a0\u00bb max_width=\u00a0\u00bb837px\u00a0\u00bb custom_margin=\u00a0\u00bb-62px|auto||auto|false|false\u00a0\u00bb global_colors_info=\u00a0\u00bb{}\u00a0\u00bb theme_builder_area=\u00a0\u00bbpost_content\u00a0\u00bb][et_pb_column type=\u00a0\u00bb1_3&Prime; _builder_version=\u00a0\u00bb4.19.5&Prime; _module_preset=\u00a0\u00bbdefault\u00a0\u00bb global_colors_info=\u00a0\u00bb{}\u00a0\u00bb theme_builder_area=\u00a0\u00bbpost_content\u00a0\u00bb][et_pb_text _builder_version=\u00a0\u00bb4.20.4&Prime; _module_preset=\u00a0\u00bbdefault\u00a0\u00bb custom_margin=\u00a0\u00bb58px||45px||false|false\u00a0\u00bb global_colors_info=\u00a0\u00bb{}\u00a0\u00bb theme_builder_area=\u00a0\u00bbpost_content\u00a0\u00bb]<\/p>\n<p style=\"text-align: center;\"><a href=\"tel:0186261406\" target=\"_blank\" rel=\"noopener\"><span style=\"color: #ffffff;\">T\u00e9l. <span>01 86 26 14 06<\/span><\/span><\/a><br \/><a href=\"https:\/\/www.google.com\/maps?t=m&amp;hl=fr&amp;gl=FR&amp;q=4+Vla+George+Sand+75016+Paris\" target=\"_blank\" rel=\"noopener\"><span style=\"color: #ffffff;\">4 Villa George Sand<\/span><\/a><br \/><a href=\"https:\/\/www.google.com\/maps?t=m&amp;hl=fr&amp;gl=FR&amp;q=4+Vla+George+Sand+75016+Paris\" target=\"_blank\" rel=\"noopener\"><span style=\"color: #ffffff;\">76016 Paris<\/span><\/a><\/p>\n<p>[\/et_pb_text][\/et_pb_column][et_pb_column type=\u00a0\u00bb1_3&Prime; _builder_version=\u00a0\u00bb4.19.5&Prime; _module_preset=\u00a0\u00bbdefault\u00a0\u00bb global_colors_info=\u00a0\u00bb{}\u00a0\u00bb theme_builder_area=\u00a0\u00bbpost_content\u00a0\u00bb][et_pb_image src=\u00a0\u00bbhttps:\/\/alnavocate.fr\/wp-content\/uploads\/2023\/02\/Logo-aln2023-grand.png\u00a0\u00bb alt=\u00a0\u00bbLogo Alexia Leveill\u00e9-Nizerolle\u00a0\u00bb title_text=\u00a0\u00bbLogo-aln2023-grand\u00a0\u00bb align=\u00a0\u00bbcenter\u00a0\u00bb _builder_version=\u00a0\u00bb4.19.5&Prime; _module_preset=\u00a0\u00bbdefault\u00a0\u00bb width=\u00a0\u00bb62%\u00a0\u00bb custom_margin=\u00a0\u00bb0px||||false|false\u00a0\u00bb custom_padding=\u00a0\u00bb0px||||false|false\u00a0\u00bb global_colors_info=\u00a0\u00bb{}\u00a0\u00bb theme_builder_area=\u00a0\u00bbpost_content\u00a0\u00bb][\/et_pb_image][\/et_pb_column][et_pb_column type=\u00a0\u00bb1_3&Prime; _builder_version=\u00a0\u00bb4.19.5&Prime; _module_preset=\u00a0\u00bbdefault\u00a0\u00bb global_colors_info=\u00a0\u00bb{}\u00a0\u00bb theme_builder_area=\u00a0\u00bbpost_content\u00a0\u00bb][et_pb_text _builder_version=\u00a0\u00bb4.19.5&Prime; _dynamic_attributes=\u00a0\u00bblink_option_url\u00a0\u00bb _module_preset=\u00a0\u00bbdefault\u00a0\u00bb custom_margin=\u00a0\u00bb58px||45px||false|false\u00a0\u00bb link_option_url=\u00a0\u00bb@ET-DC@eyJkeW5hbWljIjp0cnVlLCJjb250ZW50IjoicG9zdF9saW5rX3VybF9wYWdlIiwic2V0dGluZ3MiOnsicG9zdF9pZCI6IjM4MiJ9fQ==@\u00a0\u00bb global_colors_info=\u00a0\u00bb{}\u00a0\u00bb theme_builder_area=\u00a0\u00bbpost_content\u00a0\u00bb]<\/p>\n<p style=\"text-align: center;\"><a href=\"https:\/\/alnavocate.fr\/index.php\/mentions-legales\"><span style=\"color: #ffffff;\">Mentions l\u00e9gales<\/span><\/a><br \/><a href=\"https:\/\/alnavocate.fr\/index.php\/plan-du-site\/\"><span style=\"color: #ffffff;\">Plan du site<\/span><\/a><br \/><a href=\"https:\/\/alnavocate.fr\/index.php\/politique-de-confidentialite\"><span style=\"color: #ffffff;\">Politique de confidentialit\u00e9<\/span><\/a><\/p>\n<p>[\/et_pb_text][\/et_pb_column][\/et_pb_row][\/et_pb_section]<\/p>\n","protected":false},"excerpt":{"rendered":"<p>Comment porter plainte ?Si vous \u00eates victime d\u2019une infraction p\u00e9nale et que vous souhaitez que le ou les auteurs soient poursuivis devant les juridictions r\u00e9pressives, vous devez en premier lieu d\u00e9poser plainte pour qu\u2019une enqu\u00eate soit ouverte pour identifier l\u2019auteur de l\u2019infraction et collationner les preuves suffisantes pour qu\u2019il soit poursuivi. Vous avez deux possibilit\u00e9s\u00a0: [&hellip;]<\/p>\n","protected":false},"author":1,"featured_media":0,"parent":0,"menu_order":0,"comment_status":"closed","ping_status":"closed","template":"","meta":{"_et_pb_use_builder":"on","_et_pb_old_content":"","_et_gb_content_width":"","footnotes":""},"class_list":["post-589","page","type-page","status-publish","hentry"],"yoast_head":"<!-- This site is optimized with the Yoast SEO plugin v24.7 - https:\/\/yoast.com\/wordpress\/plugins\/seo\/ -->\n<title>Vos questions - ALN AVOCATE<\/title>\n<meta name=\"robots\" content=\"index, follow, max-snippet:-1, max-image-preview:large, max-video-preview:-1\" \/>\n<link rel=\"canonical\" href=\"https:\/\/alnavocate.fr\/index.php\/vos-questions\/\" \/>\n<meta property=\"og:locale\" content=\"fr_FR\" \/>\n<meta property=\"og:type\" content=\"article\" \/>\n<meta property=\"og:title\" content=\"Vos questions - ALN AVOCATE\" \/>\n<meta property=\"og:description\" content=\"Comment porter plainte ?Si vous \u00eates victime d\u2019une infraction p\u00e9nale et que vous souhaitez que le ou les auteurs soient poursuivis devant les juridictions r\u00e9pressives, vous devez en premier lieu d\u00e9poser plainte pour qu\u2019une enqu\u00eate soit ouverte pour identifier l\u2019auteur de l\u2019infraction et collationner les preuves suffisantes pour qu\u2019il soit poursuivi. Vous avez deux possibilit\u00e9s\u00a0: [&hellip;]\" \/>\n<meta property=\"og:url\" content=\"https:\/\/alnavocate.fr\/index.php\/vos-questions\/\" \/>\n<meta property=\"og:site_name\" content=\"ALN AVOCATE\" \/>\n<meta property=\"article:modified_time\" content=\"2025-03-24T09:01:17+00:00\" \/>\n<meta property=\"og:image\" content=\"https:\/\/alnavocate.fr\/wp-content\/uploads\/2023\/07\/referencement-cabinet-alexia-leveille-nizerolle.jpg\" \/>\n\t<meta property=\"og:image:width\" content=\"1200\" \/>\n\t<meta property=\"og:image:height\" content=\"675\" \/>\n\t<meta property=\"og:image:type\" content=\"image\/jpeg\" \/>\n<meta name=\"twitter:card\" content=\"summary_large_image\" \/>\n<script type=\"application\/ld+json\" class=\"yoast-schema-graph\">{\"@context\":\"https:\/\/schema.org\",\"@graph\":[{\"@type\":\"WebPage\",\"@id\":\"https:\/\/alnavocate.fr\/index.php\/vos-questions\/\",\"url\":\"https:\/\/alnavocate.fr\/index.php\/vos-questions\/\",\"name\":\"Vos questions - ALN AVOCATE\",\"isPartOf\":{\"@id\":\"https:\/\/alnavocate.fr\/#website\"},\"datePublished\":\"2023-11-10T10:30:35+00:00\",\"dateModified\":\"2025-03-24T09:01:17+00:00\",\"breadcrumb\":{\"@id\":\"https:\/\/alnavocate.fr\/index.php\/vos-questions\/#breadcrumb\"},\"inLanguage\":\"fr-FR\",\"potentialAction\":[{\"@type\":\"ReadAction\",\"target\":[\"https:\/\/alnavocate.fr\/index.php\/vos-questions\/\"]}]},{\"@type\":\"BreadcrumbList\",\"@id\":\"https:\/\/alnavocate.fr\/index.php\/vos-questions\/#breadcrumb\",\"itemListElement\":[{\"@type\":\"ListItem\",\"position\":1,\"name\":\"Accueil\",\"item\":\"https:\/\/alnavocate.fr\/\"},{\"@type\":\"ListItem\",\"position\":2,\"name\":\"Vos questions\"}]},{\"@type\":\"WebSite\",\"@id\":\"https:\/\/alnavocate.fr\/#website\",\"url\":\"https:\/\/alnavocate.fr\/\",\"name\":\"ALN AVOCATE\",\"description\":\"Alexia LEVEILL\u00c9-NIZEROLLE - Avocat au barreau de Paris\",\"alternateName\":\"Alexia LEVEILL\u00c9-NIZEROLLE\",\"potentialAction\":[{\"@type\":\"SearchAction\",\"target\":{\"@type\":\"EntryPoint\",\"urlTemplate\":\"https:\/\/alnavocate.fr\/?s={search_term_string}\"},\"query-input\":{\"@type\":\"PropertyValueSpecification\",\"valueRequired\":true,\"valueName\":\"search_term_string\"}}],\"inLanguage\":\"fr-FR\"}]}<\/script>\n<!-- \/ Yoast SEO plugin. -->","yoast_head_json":{"title":"Vos questions - ALN AVOCATE","robots":{"index":"index","follow":"follow","max-snippet":"max-snippet:-1","max-image-preview":"max-image-preview:large","max-video-preview":"max-video-preview:-1"},"canonical":"https:\/\/alnavocate.fr\/index.php\/vos-questions\/","og_locale":"fr_FR","og_type":"article","og_title":"Vos questions - ALN AVOCATE","og_description":"Comment porter plainte ?Si vous \u00eates victime d\u2019une infraction p\u00e9nale et que vous souhaitez que le ou les auteurs soient poursuivis devant les juridictions r\u00e9pressives, vous devez en premier lieu d\u00e9poser plainte pour qu\u2019une enqu\u00eate soit ouverte pour identifier l\u2019auteur de l\u2019infraction et collationner les preuves suffisantes pour qu\u2019il soit poursuivi. Vous avez deux possibilit\u00e9s\u00a0: [&hellip;]","og_url":"https:\/\/alnavocate.fr\/index.php\/vos-questions\/","og_site_name":"ALN AVOCATE","article_modified_time":"2025-03-24T09:01:17+00:00","og_image":[{"width":1200,"height":675,"url":"https:\/\/alnavocate.fr\/wp-content\/uploads\/2023\/07\/referencement-cabinet-alexia-leveille-nizerolle.jpg","type":"image\/jpeg"}],"twitter_card":"summary_large_image","schema":{"@context":"https:\/\/schema.org","@graph":[{"@type":"WebPage","@id":"https:\/\/alnavocate.fr\/index.php\/vos-questions\/","url":"https:\/\/alnavocate.fr\/index.php\/vos-questions\/","name":"Vos questions - ALN AVOCATE","isPartOf":{"@id":"https:\/\/alnavocate.fr\/#website"},"datePublished":"2023-11-10T10:30:35+00:00","dateModified":"2025-03-24T09:01:17+00:00","breadcrumb":{"@id":"https:\/\/alnavocate.fr\/index.php\/vos-questions\/#breadcrumb"},"inLanguage":"fr-FR","potentialAction":[{"@type":"ReadAction","target":["https:\/\/alnavocate.fr\/index.php\/vos-questions\/"]}]},{"@type":"BreadcrumbList","@id":"https:\/\/alnavocate.fr\/index.php\/vos-questions\/#breadcrumb","itemListElement":[{"@type":"ListItem","position":1,"name":"Accueil","item":"https:\/\/alnavocate.fr\/"},{"@type":"ListItem","position":2,"name":"Vos questions"}]},{"@type":"WebSite","@id":"https:\/\/alnavocate.fr\/#website","url":"https:\/\/alnavocate.fr\/","name":"ALN AVOCATE","description":"Alexia LEVEILL\u00c9-NIZEROLLE - Avocat au barreau de Paris","alternateName":"Alexia LEVEILL\u00c9-NIZEROLLE","potentialAction":[{"@type":"SearchAction","target":{"@type":"EntryPoint","urlTemplate":"https:\/\/alnavocate.fr\/?s={search_term_string}"},"query-input":{"@type":"PropertyValueSpecification","valueRequired":true,"valueName":"search_term_string"}}],"inLanguage":"fr-FR"}]}},"_links":{"self":[{"href":"https:\/\/alnavocate.fr\/index.php\/wp-json\/wp\/v2\/pages\/589","targetHints":{"allow":["GET"]}}],"collection":[{"href":"https:\/\/alnavocate.fr\/index.php\/wp-json\/wp\/v2\/pages"}],"about":[{"href":"https:\/\/alnavocate.fr\/index.php\/wp-json\/wp\/v2\/types\/page"}],"author":[{"embeddable":true,"href":"https:\/\/alnavocate.fr\/index.php\/wp-json\/wp\/v2\/users\/1"}],"replies":[{"embeddable":true,"href":"https:\/\/alnavocate.fr\/index.php\/wp-json\/wp\/v2\/comments?post=589"}],"version-history":[{"count":4,"href":"https:\/\/alnavocate.fr\/index.php\/wp-json\/wp\/v2\/pages\/589\/revisions"}],"predecessor-version":[{"id":595,"href":"https:\/\/alnavocate.fr\/index.php\/wp-json\/wp\/v2\/pages\/589\/revisions\/595"}],"wp:attachment":[{"href":"https:\/\/alnavocate.fr\/index.php\/wp-json\/wp\/v2\/media?parent=589"}],"curies":[{"name":"wp","href":"https:\/\/api.w.org\/{rel}","templated":true}]}}