{"id":640,"date":"2024-07-23T16:32:06","date_gmt":"2024-07-23T14:32:06","guid":{"rendered":"https:\/\/alnavocate.fr\/?page_id=640"},"modified":"2024-07-23T16:40:11","modified_gmt":"2024-07-23T14:40:11","slug":"comment-se-deroule-lexpertise-dans-le-cadre-dune-procedure-dindemnisation","status":"publish","type":"page","link":"https:\/\/alnavocate.fr\/index.php\/comment-se-deroule-lexpertise-dans-le-cadre-dune-procedure-dindemnisation\/","title":{"rendered":"Comment se d\u00e9roule l\u2019expertise dans le cadre d\u2019une proc\u00e9dure d\u2019indemnisation ?"},"content":{"rendered":"<p>[et_pb_section fb_built=\u00a0\u00bb1&Prime; _builder_version=\u00a0\u00bb4.19.5&Prime; _module_preset=\u00a0\u00bbdefault\u00a0\u00bb background_enable_image=\u00a0\u00bboff\u00a0\u00bb min_height=\u00a0\u00bb355px\u00a0\u00bb custom_padding=\u00a0\u00bb0px|||||\u00a0\u00bb global_colors_info=\u00a0\u00bb{}\u00a0\u00bb][et_pb_row column_structure=\u00a0\u00bb1_4,3_4&Prime; _builder_version=\u00a0\u00bb4.19.5&Prime; _module_preset=\u00a0\u00bbdefault\u00a0\u00bb custom_margin=\u00a0\u00bb0px|auto||auto|false|false\u00a0\u00bb global_colors_info=\u00a0\u00bb{}\u00a0\u00bb][et_pb_column type=\u00a0\u00bb1_4&Prime; _builder_version=\u00a0\u00bb4.19.5&Prime; _module_preset=\u00a0\u00bbdefault\u00a0\u00bb global_colors_info=\u00a0\u00bb{}\u00a0\u00bb][et_pb_menu menu_id=\u00a0\u00bb12&Prime; _builder_version=\u00a0\u00bb4.20.4&Prime; _module_preset=\u00a0\u00bbdefault\u00a0\u00bb width=\u00a0\u00bb100%\u00a0\u00bb custom_padding=\u00a0\u00bb8px|8px|8px|8px|false|false\u00a0\u00bb border_radii=\u00a0\u00bbon|4px|4px|4px|4px\u00a0\u00bb border_width_all=\u00a0\u00bb1px\u00a0\u00bb border_color_all=\u00a0\u00bb#59888F\u00a0\u00bb border_style_all=\u00a0\u00bbdotted\u00a0\u00bb global_colors_info=\u00a0\u00bb{}\u00a0\u00bb][\/et_pb_menu][et_pb_image src=\u00a0\u00bbhttps:\/\/alnavocate.fr\/wp-content\/uploads\/2023\/10\/infractions01.jpg\u00a0\u00bb alt=\u00a0\u00bbLe guide des infractions\u00a0\u00bb title_text=\u00a0\u00bbinfractions01&Prime; _builder_version=\u00a0\u00bb4.20.4&Prime; _module_preset=\u00a0\u00bbdefault\u00a0\u00bb border_width_all=\u00a0\u00bb8px\u00a0\u00bb border_color_all=\u00a0\u00bbrgba(242,233,230,0.46)\u00a0\u00bb box_shadow_style=\u00a0\u00bbpreset3&Prime; box_shadow_vertical=\u00a0\u00bb8px\u00a0\u00bb global_colors_info=\u00a0\u00bb{}\u00a0\u00bb][\/et_pb_image][\/et_pb_column][et_pb_column type=\u00a0\u00bb3_4&Prime; _builder_version=\u00a0\u00bb4.19.5&Prime; _module_preset=\u00a0\u00bbdefault\u00a0\u00bb global_colors_info=\u00a0\u00bb{}\u00a0\u00bb][et_pb_text _builder_version=\u00a0\u00bb4.20.4&Prime; _module_preset=\u00a0\u00bbdefault\u00a0\u00bb hover_enabled=\u00a0\u00bb0&Prime; global_colors_info=\u00a0\u00bb{}\u00a0\u00bb sticky_enabled=\u00a0\u00bb0&Prime;]<\/p>\n<h1>Comment se d\u00e9roule l\u2019expertise dans le cadre d\u2019une proc\u00e9dure d\u2019indemnisation ?<\/h1>\n<p>[\/et_pb_text][et_pb_text _builder_version=\u00a0\u00bb4.20.4&Prime; _module_preset=\u00a0\u00bbdefault\u00a0\u00bb text_text_color=\u00a0\u00bb#676766&Prime; text_font_size=\u00a0\u00bb14px\u00a0\u00bb text_line_height=\u00a0\u00bb1.5em\u00a0\u00bb hover_enabled=\u00a0\u00bb0&Prime; global_colors_info=\u00a0\u00bb{}\u00a0\u00bb sticky_enabled=\u00a0\u00bb0&Prime;]<\/p>\n<p><strong>Lorsque vous \u00eates victime d\u2019une infraction p\u00e9nale, l\u2019\u00e9valuation de vos pr\u00e9judices se fait majoritairement par voie d\u2019expertise m\u00e9dicale (que ce soit pour quantifier les pr\u00e9judices strictement corporels ou le pr\u00e9judice moral).<\/strong><\/p>\n<p>L\u2019expert m\u00e9dical se fonde sur un bar\u00e8me m\u00e9dico-l\u00e9gal pour \u00e9valuer des postes de pr\u00e9judices et octroie des notes \u00e0 l\u2019appui desquels vous pourrez fonder vos demandes chiffr\u00e9es.<\/p>\n<p>Concr\u00e8tement, l\u2019expertise se passe en pr\u00e9sence des parties (victime et auteur), de leur avocat et\/ou de leur m\u00e9decin-conseil, et se d\u00e9roule en quatre \u00e9tapes :<\/p>\n<blockquote>\n<p>&#8211; l\u2019analyse du contexte factuel et m\u00e9dical (il s\u2019agit en g\u00e9n\u00e9ral d\u2019un \u00e9change entre l\u2019expert et la victime sur les circonstances des faits et les cons\u00e9quences m\u00e9dicales, analyse des pi\u00e8ces m\u00e9dicales \u00e0 l\u2019appui) ;<br \/>&#8211; l\u2019expos\u00e9 des dol\u00e9ances par la victime (\u00e9vocation des r\u00e9percutions) ;<br \/>&#8211; l\u2019examen m\u00e9dical (qui se tient en pr\u00e9sence des seuls m\u00e9decins) ;<br \/>&#8211; la quantification des postes de pr\u00e9judices (entre l\u2019expert, les avocats et m\u00e9decins-conseils) ;<\/p>\n<\/blockquote>\n<p><em><strong>Attention : <\/strong>Il est imp\u00e9ratif de pr\u00e9parer cette r\u00e9union en amont (pr\u00e9parer et communiquer aux parties et \u00e0 l\u2019expert les pi\u00e8ces m\u00e9dicales ainsi que toutes les pi\u00e8ces relatives aux cons\u00e9quences sur votre vie personnelle et professionnelle), et d\u2019y \u00eatre assist\u00e9 par un avocat ou un m\u00e9decin-conseil.<\/em><\/p>\n<p>Dans certain cas, il est plus int\u00e9ressant de ne pas solliciter d\u2019expertise m\u00e9dicale, notamment pour certaines infractions graves qui n\u2019engendrent qu\u2019un pr\u00e9judice moral car les juridictions p\u00e9nales suivent des bar\u00e8mes qui peuvent s\u2019av\u00e9rer plus int\u00e9ressants que ceux auxquels les experts ont recours.<\/p>\n<p>A l\u2019occasion de son DU de Victimologie obtenu en 2016, Alexia LEVEILLE-NIZEROLLE a r\u00e9dig\u00e9 un m\u00e9moire sur cette question intitul\u00e9 <a href=\"https:\/\/alnavocate.fr\/wp-content\/uploads\/2024\/07\/Lindemnisation-des-victimes-dinfractions-mythe-ou-realite.pdf\" rel=\"attachment wp-att-649\">L\u2019indemnisation-des-victimes-d\u2019infractions-mythe-ou-r\u00e9alit\u00e9<\/a>.<\/p>\n<p>[\/et_pb_text][\/et_pb_column][\/et_pb_row][\/et_pb_section][et_pb_section fb_built=\u00a0\u00bb1&Prime; _builder_version=\u00a0\u00bb4.19.5&Prime; _module_preset=\u00a0\u00bbdefault\u00a0\u00bb background_color=\u00a0\u00bb#859DA0&Prime; global_module=\u00a0\u00bb237&Prime; saved_tabs=\u00a0\u00bball\u00a0\u00bb locked=\u00a0\u00bboff\u00a0\u00bb global_colors_info=\u00a0\u00bb{}\u00a0\u00bb][et_pb_row column_structure=\u00a0\u00bb1_3,1_3,1_3&Prime; use_custom_gutter=\u00a0\u00bbon\u00a0\u00bb gutter_width=\u00a0\u00bb1&Prime; _builder_version=\u00a0\u00bb4.19.5&Prime; _module_preset=\u00a0\u00bbdefault\u00a0\u00bb max_width=\u00a0\u00bb837px\u00a0\u00bb custom_margin=\u00a0\u00bb-62px|auto||auto|false|false\u00a0\u00bb global_colors_info=\u00a0\u00bb{}\u00a0\u00bb][et_pb_column type=\u00a0\u00bb1_3&Prime; _builder_version=\u00a0\u00bb4.19.5&Prime; _module_preset=\u00a0\u00bbdefault\u00a0\u00bb global_colors_info=\u00a0\u00bb{}\u00a0\u00bb][et_pb_text _builder_version=\u00a0\u00bb4.20.4&Prime; _module_preset=\u00a0\u00bbdefault\u00a0\u00bb custom_margin=\u00a0\u00bb58px||45px||false|false\u00a0\u00bb global_colors_info=\u00a0\u00bb{}\u00a0\u00bb]<\/p>\n<p style=\"text-align: center;\"><a href=\"tel:0186261406\" target=\"_blank\" rel=\"noopener\"><span style=\"color: #ffffff;\">T\u00e9l. <span>01 86 26 14 06<\/span><\/span><\/a><br \/><a href=\"https:\/\/www.google.com\/maps?t=m&amp;hl=fr&amp;gl=FR&amp;q=4+Vla+George+Sand+75016+Paris\" target=\"_blank\" rel=\"noopener\"><span style=\"color: #ffffff;\">4 Villa George Sand<\/span><\/a><br \/><a href=\"https:\/\/www.google.com\/maps?t=m&amp;hl=fr&amp;gl=FR&amp;q=4+Vla+George+Sand+75016+Paris\" target=\"_blank\" rel=\"noopener\"><span style=\"color: #ffffff;\">76016 Paris<\/span><\/a><\/p>\n<p>[\/et_pb_text][\/et_pb_column][et_pb_column type=\u00a0\u00bb1_3&Prime; _builder_version=\u00a0\u00bb4.19.5&Prime; _module_preset=\u00a0\u00bbdefault\u00a0\u00bb global_colors_info=\u00a0\u00bb{}\u00a0\u00bb][et_pb_image src=\u00a0\u00bbhttps:\/\/alnavocate.fr\/wp-content\/uploads\/2023\/02\/Logo-aln2023-grand.png\u00a0\u00bb alt=\u00a0\u00bbLogo Alexia Leveill\u00e9-Nizerolle\u00a0\u00bb title_text=\u00a0\u00bbLogo-aln2023-grand\u00a0\u00bb align=\u00a0\u00bbcenter\u00a0\u00bb _builder_version=\u00a0\u00bb4.19.5&Prime; _module_preset=\u00a0\u00bbdefault\u00a0\u00bb width=\u00a0\u00bb62%\u00a0\u00bb custom_margin=\u00a0\u00bb0px||||false|false\u00a0\u00bb custom_padding=\u00a0\u00bb0px||||false|false\u00a0\u00bb global_colors_info=\u00a0\u00bb{}\u00a0\u00bb][\/et_pb_image][\/et_pb_column][et_pb_column type=\u00a0\u00bb1_3&Prime; _builder_version=\u00a0\u00bb4.19.5&Prime; _module_preset=\u00a0\u00bbdefault\u00a0\u00bb global_colors_info=\u00a0\u00bb{}\u00a0\u00bb][et_pb_text _builder_version=\u00a0\u00bb4.19.5&Prime; _dynamic_attributes=\u00a0\u00bblink_option_url\u00a0\u00bb _module_preset=\u00a0\u00bbdefault\u00a0\u00bb custom_margin=\u00a0\u00bb58px||45px||false|false\u00a0\u00bb link_option_url=\u00a0\u00bb@ET-DC@eyJkeW5hbWljIjp0cnVlLCJjb250ZW50IjoicG9zdF9saW5rX3VybF9wYWdlIiwic2V0dGluZ3MiOnsicG9zdF9pZCI6IjM4MiJ9fQ==@\u00a0\u00bb global_colors_info=\u00a0\u00bb{}\u00a0\u00bb]<\/p>\n<p style=\"text-align: center;\"><a href=\"https:\/\/alnavocate.fr\/index.php\/mentions-legales\"><span style=\"color: #ffffff;\">Mentions l\u00e9gales<\/span><\/a><br \/><a href=\"https:\/\/alnavocate.fr\/index.php\/plan-du-site\/\"><span style=\"color: #ffffff;\">Plan du site<\/span><\/a><br \/><a href=\"https:\/\/alnavocate.fr\/index.php\/politique-de-confidentialite\"><span style=\"color: #ffffff;\">Politique de confidentialit\u00e9<\/span><\/a><\/p>\n<p>[\/et_pb_text][\/et_pb_column][\/et_pb_row][\/et_pb_section]<\/p>\n","protected":false},"excerpt":{"rendered":"<p>Comment se d\u00e9roule l\u2019expertise dans le cadre d\u2019une proc\u00e9dure d\u2019indemnisation ?Lorsque vous \u00eates victime d\u2019une infraction p\u00e9nale, l\u2019\u00e9valuation de vos pr\u00e9judices se fait majoritairement par voie d\u2019expertise m\u00e9dicale (que ce soit pour quantifier les pr\u00e9judices strictement corporels ou le pr\u00e9judice moral). L\u2019expert m\u00e9dical se fonde sur un bar\u00e8me m\u00e9dico-l\u00e9gal pour \u00e9valuer des postes de pr\u00e9judices [&hellip;]<\/p>\n","protected":false},"author":1,"featured_media":0,"parent":0,"menu_order":0,"comment_status":"closed","ping_status":"closed","template":"","meta":{"_et_pb_use_builder":"on","_et_pb_old_content":"","_et_gb_content_width":"","footnotes":""},"class_list":["post-640","page","type-page","status-publish","hentry"],"yoast_head":"<!-- This site is optimized with the Yoast SEO plugin v24.7 - https:\/\/yoast.com\/wordpress\/plugins\/seo\/ -->\n<title>Comment se d\u00e9roule l\u2019expertise dans le cadre d\u2019une proc\u00e9dure d\u2019indemnisation ? - ALN AVOCATE<\/title>\n<meta name=\"robots\" content=\"index, follow, max-snippet:-1, max-image-preview:large, max-video-preview:-1\" \/>\n<link rel=\"canonical\" href=\"https:\/\/alnavocate.fr\/index.php\/comment-se-deroule-lexpertise-dans-le-cadre-dune-procedure-dindemnisation\/\" \/>\n<meta property=\"og:locale\" content=\"fr_FR\" \/>\n<meta property=\"og:type\" content=\"article\" \/>\n<meta property=\"og:title\" content=\"Comment se d\u00e9roule l\u2019expertise dans le cadre d\u2019une proc\u00e9dure d\u2019indemnisation ? - ALN AVOCATE\" \/>\n<meta property=\"og:description\" content=\"Comment se d\u00e9roule l\u2019expertise dans le cadre d\u2019une proc\u00e9dure d\u2019indemnisation ?Lorsque vous \u00eates victime d\u2019une infraction p\u00e9nale, l\u2019\u00e9valuation de vos pr\u00e9judices se fait majoritairement par voie d\u2019expertise m\u00e9dicale (que ce soit pour quantifier les pr\u00e9judices strictement corporels ou le pr\u00e9judice moral). L\u2019expert m\u00e9dical se fonde sur un bar\u00e8me m\u00e9dico-l\u00e9gal pour \u00e9valuer des postes de pr\u00e9judices [&hellip;]\" \/>\n<meta property=\"og:url\" content=\"https:\/\/alnavocate.fr\/index.php\/comment-se-deroule-lexpertise-dans-le-cadre-dune-procedure-dindemnisation\/\" \/>\n<meta property=\"og:site_name\" content=\"ALN AVOCATE\" \/>\n<meta property=\"article:modified_time\" content=\"2024-07-23T14:40:11+00:00\" \/>\n<meta property=\"og:image\" content=\"https:\/\/alnavocate.fr\/wp-content\/uploads\/2023\/07\/referencement-cabinet-alexia-leveille-nizerolle.jpg\" \/>\n\t<meta property=\"og:image:width\" content=\"1200\" \/>\n\t<meta property=\"og:image:height\" content=\"675\" \/>\n\t<meta property=\"og:image:type\" content=\"image\/jpeg\" \/>\n<meta name=\"twitter:card\" content=\"summary_large_image\" \/>\n<script type=\"application\/ld+json\" class=\"yoast-schema-graph\">{\"@context\":\"https:\/\/schema.org\",\"@graph\":[{\"@type\":\"WebPage\",\"@id\":\"https:\/\/alnavocate.fr\/index.php\/comment-se-deroule-lexpertise-dans-le-cadre-dune-procedure-dindemnisation\/\",\"url\":\"https:\/\/alnavocate.fr\/index.php\/comment-se-deroule-lexpertise-dans-le-cadre-dune-procedure-dindemnisation\/\",\"name\":\"Comment se d\u00e9roule l\u2019expertise dans le cadre d\u2019une proc\u00e9dure d\u2019indemnisation ? - ALN AVOCATE\",\"isPartOf\":{\"@id\":\"https:\/\/alnavocate.fr\/#website\"},\"datePublished\":\"2024-07-23T14:32:06+00:00\",\"dateModified\":\"2024-07-23T14:40:11+00:00\",\"breadcrumb\":{\"@id\":\"https:\/\/alnavocate.fr\/index.php\/comment-se-deroule-lexpertise-dans-le-cadre-dune-procedure-dindemnisation\/#breadcrumb\"},\"inLanguage\":\"fr-FR\",\"potentialAction\":[{\"@type\":\"ReadAction\",\"target\":[\"https:\/\/alnavocate.fr\/index.php\/comment-se-deroule-lexpertise-dans-le-cadre-dune-procedure-dindemnisation\/\"]}]},{\"@type\":\"BreadcrumbList\",\"@id\":\"https:\/\/alnavocate.fr\/index.php\/comment-se-deroule-lexpertise-dans-le-cadre-dune-procedure-dindemnisation\/#breadcrumb\",\"itemListElement\":[{\"@type\":\"ListItem\",\"position\":1,\"name\":\"Accueil\",\"item\":\"https:\/\/alnavocate.fr\/\"},{\"@type\":\"ListItem\",\"position\":2,\"name\":\"Comment se d\u00e9roule l\u2019expertise dans le cadre d\u2019une proc\u00e9dure d\u2019indemnisation ?\"}]},{\"@type\":\"WebSite\",\"@id\":\"https:\/\/alnavocate.fr\/#website\",\"url\":\"https:\/\/alnavocate.fr\/\",\"name\":\"ALN AVOCATE\",\"description\":\"Alexia LEVEILL\u00c9-NIZEROLLE - Avocat au barreau de Paris\",\"alternateName\":\"Alexia LEVEILL\u00c9-NIZEROLLE\",\"potentialAction\":[{\"@type\":\"SearchAction\",\"target\":{\"@type\":\"EntryPoint\",\"urlTemplate\":\"https:\/\/alnavocate.fr\/?s={search_term_string}\"},\"query-input\":{\"@type\":\"PropertyValueSpecification\",\"valueRequired\":true,\"valueName\":\"search_term_string\"}}],\"inLanguage\":\"fr-FR\"}]}<\/script>\n<!-- \/ Yoast SEO plugin. -->","yoast_head_json":{"title":"Comment se d\u00e9roule l\u2019expertise dans le cadre d\u2019une proc\u00e9dure d\u2019indemnisation ? - ALN AVOCATE","robots":{"index":"index","follow":"follow","max-snippet":"max-snippet:-1","max-image-preview":"max-image-preview:large","max-video-preview":"max-video-preview:-1"},"canonical":"https:\/\/alnavocate.fr\/index.php\/comment-se-deroule-lexpertise-dans-le-cadre-dune-procedure-dindemnisation\/","og_locale":"fr_FR","og_type":"article","og_title":"Comment se d\u00e9roule l\u2019expertise dans le cadre d\u2019une proc\u00e9dure d\u2019indemnisation ? - ALN AVOCATE","og_description":"Comment se d\u00e9roule l\u2019expertise dans le cadre d\u2019une proc\u00e9dure d\u2019indemnisation ?Lorsque vous \u00eates victime d\u2019une infraction p\u00e9nale, l\u2019\u00e9valuation de vos pr\u00e9judices se fait majoritairement par voie d\u2019expertise m\u00e9dicale (que ce soit pour quantifier les pr\u00e9judices strictement corporels ou le pr\u00e9judice moral). L\u2019expert m\u00e9dical se fonde sur un bar\u00e8me m\u00e9dico-l\u00e9gal pour \u00e9valuer des postes de pr\u00e9judices [&hellip;]","og_url":"https:\/\/alnavocate.fr\/index.php\/comment-se-deroule-lexpertise-dans-le-cadre-dune-procedure-dindemnisation\/","og_site_name":"ALN AVOCATE","article_modified_time":"2024-07-23T14:40:11+00:00","og_image":[{"width":1200,"height":675,"url":"https:\/\/alnavocate.fr\/wp-content\/uploads\/2023\/07\/referencement-cabinet-alexia-leveille-nizerolle.jpg","type":"image\/jpeg"}],"twitter_card":"summary_large_image","schema":{"@context":"https:\/\/schema.org","@graph":[{"@type":"WebPage","@id":"https:\/\/alnavocate.fr\/index.php\/comment-se-deroule-lexpertise-dans-le-cadre-dune-procedure-dindemnisation\/","url":"https:\/\/alnavocate.fr\/index.php\/comment-se-deroule-lexpertise-dans-le-cadre-dune-procedure-dindemnisation\/","name":"Comment se d\u00e9roule l\u2019expertise dans le cadre d\u2019une proc\u00e9dure d\u2019indemnisation ? - ALN AVOCATE","isPartOf":{"@id":"https:\/\/alnavocate.fr\/#website"},"datePublished":"2024-07-23T14:32:06+00:00","dateModified":"2024-07-23T14:40:11+00:00","breadcrumb":{"@id":"https:\/\/alnavocate.fr\/index.php\/comment-se-deroule-lexpertise-dans-le-cadre-dune-procedure-dindemnisation\/#breadcrumb"},"inLanguage":"fr-FR","potentialAction":[{"@type":"ReadAction","target":["https:\/\/alnavocate.fr\/index.php\/comment-se-deroule-lexpertise-dans-le-cadre-dune-procedure-dindemnisation\/"]}]},{"@type":"BreadcrumbList","@id":"https:\/\/alnavocate.fr\/index.php\/comment-se-deroule-lexpertise-dans-le-cadre-dune-procedure-dindemnisation\/#breadcrumb","itemListElement":[{"@type":"ListItem","position":1,"name":"Accueil","item":"https:\/\/alnavocate.fr\/"},{"@type":"ListItem","position":2,"name":"Comment se d\u00e9roule l\u2019expertise dans le cadre d\u2019une proc\u00e9dure d\u2019indemnisation ?"}]},{"@type":"WebSite","@id":"https:\/\/alnavocate.fr\/#website","url":"https:\/\/alnavocate.fr\/","name":"ALN AVOCATE","description":"Alexia LEVEILL\u00c9-NIZEROLLE - Avocat au barreau de Paris","alternateName":"Alexia LEVEILL\u00c9-NIZEROLLE","potentialAction":[{"@type":"SearchAction","target":{"@type":"EntryPoint","urlTemplate":"https:\/\/alnavocate.fr\/?s={search_term_string}"},"query-input":{"@type":"PropertyValueSpecification","valueRequired":true,"valueName":"search_term_string"}}],"inLanguage":"fr-FR"}]}},"_links":{"self":[{"href":"https:\/\/alnavocate.fr\/index.php\/wp-json\/wp\/v2\/pages\/640","targetHints":{"allow":["GET"]}}],"collection":[{"href":"https:\/\/alnavocate.fr\/index.php\/wp-json\/wp\/v2\/pages"}],"about":[{"href":"https:\/\/alnavocate.fr\/index.php\/wp-json\/wp\/v2\/types\/page"}],"author":[{"embeddable":true,"href":"https:\/\/alnavocate.fr\/index.php\/wp-json\/wp\/v2\/users\/1"}],"replies":[{"embeddable":true,"href":"https:\/\/alnavocate.fr\/index.php\/wp-json\/wp\/v2\/comments?post=640"}],"version-history":[{"count":5,"href":"https:\/\/alnavocate.fr\/index.php\/wp-json\/wp\/v2\/pages\/640\/revisions"}],"predecessor-version":[{"id":650,"href":"https:\/\/alnavocate.fr\/index.php\/wp-json\/wp\/v2\/pages\/640\/revisions\/650"}],"wp:attachment":[{"href":"https:\/\/alnavocate.fr\/index.php\/wp-json\/wp\/v2\/media?parent=640"}],"curies":[{"name":"wp","href":"https:\/\/api.w.org\/{rel}","templated":true}]}}