{"id":664,"date":"2024-12-13T15:59:54","date_gmt":"2024-12-13T14:59:54","guid":{"rendered":"https:\/\/alnavocate.fr\/?page_id=664"},"modified":"2024-12-13T15:59:54","modified_gmt":"2024-12-13T14:59:54","slug":"qui-vous-indemnise-dune-infraction-penale","status":"publish","type":"page","link":"https:\/\/alnavocate.fr\/index.php\/qui-vous-indemnise-dune-infraction-penale\/","title":{"rendered":"Qui vous indemnise d&rsquo;une infraction p\u00e9nale"},"content":{"rendered":"<p>[et_pb_section fb_built=\u00a0\u00bb1&Prime; _builder_version=\u00a0\u00bb4.19.5&Prime; _module_preset=\u00a0\u00bbdefault\u00a0\u00bb background_enable_image=\u00a0\u00bboff\u00a0\u00bb min_height=\u00a0\u00bb355px\u00a0\u00bb custom_padding=\u00a0\u00bb0px|||||\u00a0\u00bb global_colors_info=\u00a0\u00bb{}\u00a0\u00bb][et_pb_row column_structure=\u00a0\u00bb1_4,3_4&Prime; _builder_version=\u00a0\u00bb4.19.5&Prime; _module_preset=\u00a0\u00bbdefault\u00a0\u00bb custom_margin=\u00a0\u00bb0px|auto||auto|false|false\u00a0\u00bb global_colors_info=\u00a0\u00bb{}\u00a0\u00bb][et_pb_column type=\u00a0\u00bb1_4&Prime; _builder_version=\u00a0\u00bb4.19.5&Prime; _module_preset=\u00a0\u00bbdefault\u00a0\u00bb global_colors_info=\u00a0\u00bb{}\u00a0\u00bb][et_pb_menu menu_id=\u00a0\u00bb12&Prime; _builder_version=\u00a0\u00bb4.20.4&Prime; _module_preset=\u00a0\u00bbdefault\u00a0\u00bb width=\u00a0\u00bb100%\u00a0\u00bb custom_padding=\u00a0\u00bb8px|8px|8px|8px|false|false\u00a0\u00bb border_radii=\u00a0\u00bbon|4px|4px|4px|4px\u00a0\u00bb border_width_all=\u00a0\u00bb1px\u00a0\u00bb border_color_all=\u00a0\u00bb#59888F\u00a0\u00bb border_style_all=\u00a0\u00bbdotted\u00a0\u00bb global_colors_info=\u00a0\u00bb{}\u00a0\u00bb][\/et_pb_menu][et_pb_image src=\u00a0\u00bbhttps:\/\/alnavocate.fr\/wp-content\/uploads\/2023\/10\/infractions01.jpg\u00a0\u00bb alt=\u00a0\u00bbLe guide des infractions\u00a0\u00bb title_text=\u00a0\u00bbinfractions01&Prime; _builder_version=\u00a0\u00bb4.20.4&Prime; _module_preset=\u00a0\u00bbdefault\u00a0\u00bb border_width_all=\u00a0\u00bb8px\u00a0\u00bb border_color_all=\u00a0\u00bbrgba(242,233,230,0.46)\u00a0\u00bb box_shadow_style=\u00a0\u00bbpreset3&Prime; box_shadow_vertical=\u00a0\u00bb8px\u00a0\u00bb global_colors_info=\u00a0\u00bb{}\u00a0\u00bb][\/et_pb_image][\/et_pb_column][et_pb_column type=\u00a0\u00bb3_4&Prime; _builder_version=\u00a0\u00bb4.19.5&Prime; _module_preset=\u00a0\u00bbdefault\u00a0\u00bb global_colors_info=\u00a0\u00bb{}\u00a0\u00bb][et_pb_text _builder_version=\u00a0\u00bb4.19.5&Prime; _module_preset=\u00a0\u00bbdefault\u00a0\u00bb global_colors_info=\u00a0\u00bb{}\u00a0\u00bb]<\/p>\n<h1>Qui vous indemnise d&rsquo;une infraction pe\u0301nal ?<\/h1>\n<p>[\/et_pb_text][et_pb_text _builder_version=\u00a0\u00bb4.27.0&Prime; _module_preset=\u00a0\u00bbdefault\u00a0\u00bb text_text_color=\u00a0\u00bb#676766&Prime; text_font_size=\u00a0\u00bb14px\u00a0\u00bb text_line_height=\u00a0\u00bb1.5em\u00a0\u00bb global_colors_info=\u00a0\u00bb{}\u00a0\u00bb]<\/p>\n<p><span style=\"color: #59888f;\"><strong>L\u2019indemnisation des victimes d\u2019infraction par le Fonds de Garantie :<\/strong><\/span><\/p>\n<p>Si vous avez \u00e9t\u00e9 reconnu victime d\u2019une infraction par une juridiction p\u00e9nale et que vous avez obtenu des dommages et int\u00e9r\u00eats, il faut vous faire indemniser :<\/p>\n<blockquote>\n<p>&#8211; Soit directement entre les mains du ou des auteurs de l\u2019infraction ou de son assurance le cas \u00e9ch\u00e9ant ;<br \/>&#8211; Soit, si le ou les auteurs sont insolvables, vous pouvez vous faire indemniser par un Fonds de garantie.<\/p>\n<\/blockquote>\n<p>Le Fonds de garantie des victimes d\u2019actes de terrorisme et d\u2019autres infractions (FGTI) a \u00e9t\u00e9 cr\u00e9\u00e9e en 1986 sous l\u2019appellation Fonds de Garantie des Victimes des actes de terrorisme (FGAT) \u00e0 la suite d&rsquo;attentats terroristes en France et a \u00e9t\u00e9 \u00e9largi au fil du temps pour inclure d&rsquo;autres infractions graves.<\/p>\n<p>Le FGTI joue un r\u00f4le essentiel dans le syst\u00e8me judiciaire et social fran\u00e7ais en apportant une r\u00e9ponse humaine et solidaire aux situations dramatiques que vivent les victimes d&rsquo;actes graves. Il s&rsquo;inscrit dans une logique de r\u00e9paration et de justice.<\/p>\n<p>Le FGTI est financ\u00e9 principalement par une contribution pr\u00e9lev\u00e9e sur les contrats d\u2019assurance en France (une partie de la taxe d\u2019assurance habitation, auto, etc.). Il s\u2019agit donc d\u2019un fonds de solidarit\u00e9 nationale.<br \/>Pour \u00eatre indemnis\u00e9 par le FGTI (Fonds de Garantie des Victimes des actes de Terrorisme et d&rsquo;autres Infractions), plusieurs crit\u00e8res doivent \u00eatre remplis en fonction du type de dommage subi. Voici les principaux crit\u00e8res pour les deux grandes cat\u00e9gories d\u2019interventions du FGTI : les actes de terrorisme et les autres infractions graves.<\/p>\n<p><span style=\"color: #676766;\"><strong><br \/>1. Crit\u00e8res pour les victimes d&rsquo;actes de terrorisme<br \/><\/strong><\/span><br \/>Le FGTI intervient automatiquement pour les victimes d&rsquo;actes terroristes, sans condition de ressources ni de nationalit\u00e9.<\/p>\n<p><strong>Conditions d&rsquo;\u00e9ligibilit\u00e9 :<\/strong><\/p>\n<blockquote>\n<p>&gt; Victime directe :<br \/><span style=\"color: #abb5b2;\">\u2022 \u00catre bless\u00e9(e) physiquement ou psychologiquement \u00e0 cause d\u2019un acte de terrorisme reconnu comme tel (par le procureur ou les autorit\u00e9s comp\u00e9tentes).<\/span><br \/>&gt; Victime indirecte :<br \/><span style=\"color: #abb5b2;\">\u2022 \u00catre un proche (conjoint, enfant, parent, ou personne \u00e0 charge) d\u2019une personne d\u00e9c\u00e9d\u00e9e ou gravement bless\u00e9e lors de l\u2019attentat.<\/span><br \/>&gt; L\u2019acte doit avoir eu lieu :<br \/><span style=\"color: #abb5b2;\">\u2022 En France, ou<\/span><br \/><span style=\"color: #abb5b2;\"> \u00c0 l\u2019\u00e9tranger, mais en impliquant des ressortissants fran\u00e7ais.<\/span><\/p>\n<\/blockquote>\n<p><strong>Indemnisation :<\/strong><\/p>\n<p>Le FGTI couvre les pr\u00e9judices corporels, \u00e9conomiques et moraux, notamment :<\/p>\n<blockquote>\n<p>&gt; Soins m\u00e9dicaux,<br \/>&gt; Pertes de revenus,<br \/>&gt; Dommages mat\u00e9riels,<br \/>&gt; Pr\u00e9judices d\u2019angoisse ou de douleur morale.<\/p>\n<\/blockquote>\n<p><strong><br \/>2. Crit\u00e8res pour les victimes d\u2019autres infractions graves<br \/><\/strong><br \/>Pour les infractions p\u00e9nales graves, l\u2019indemnisation est soumise \u00e0 certaines conditions.<\/p>\n<p><strong>Conditions d&rsquo;\u00e9ligibilit\u00e9 :<\/strong><\/p>\n<blockquote>\n<p>&gt; Nature de l&rsquo;infraction :<br \/><span style=\"color: #abb5b2;\">\u2022 Agression sexuelle (viol, attouchement, etc.),<\/span><br \/><span style=\"color: #abb5b2;\">\u2022 Homicide volontaire ou involontaire,<\/span><br \/><span style=\"color: #abb5b2;\">\u2022 Violences ayant entra\u00een\u00e9 des incapacit\u00e9s permanentes ou temporaires importantes,<\/span><br \/><span style=\"color: #abb5b2;\">\u2022 Enl\u00e8vement, s\u00e9questration ou exploitation d&rsquo;un mineur,<\/span><br \/><span style=\"color: #abb5b2;\">\u2022 Accidents de la circulation caus\u00e9s par des auteurs non identifi\u00e9s ou insolvables.<\/span><\/p>\n<p>&gt; Pr\u00e9judices subis :<br \/><span style=\"color: #abb5b2;\">\u2022 Le dommage doit \u00eatre corporel, avec des cons\u00e9quences graves :<\/span><br \/><span style=\"color: #abb5b2;\">\u00a0 \u00a0&#8211; D\u00e9c\u00e8s,<\/span><br \/><span style=\"color: #abb5b2;\">\u00a0 \u00a0&#8211; Incapacit\u00e9 temporaire de travail sup\u00e9rieure \u00e0 1 mois,<\/span><br \/><span style=\"color: #abb5b2;\">\u00a0 \u00a0&#8211; Invalidit\u00e9 ou handicap durable.<\/span><\/p>\n<p>&gt; R\u00e9sidence ou lieu de l\u2019acte :<br \/><span style=\"color: #abb5b2;\">\u2022 La victime doit r\u00e9sider en France, ou l\u2019infraction doit avoir \u00e9t\u00e9 commise en France. Toutefois, des exceptions existent pour les Fran\u00e7ais victimes \u00e0 l\u2019\u00e9tranger.<\/span><\/p>\n<p>&gt; Absence de r\u00e9paration par d&rsquo;autres moyens :<br \/><span style=\"color: #abb5b2;\">\u2022 Si la victime peut obtenir une indemnisation par d\u2019autres voies (exemple : l\u2019auteur de l\u2019infraction ou un assureur), le FGTI n\u2019intervient qu\u2019en compl\u00e9ment.<\/span><\/p>\n<\/blockquote>\n<p><strong><br \/>3. D\u00e9marches et d\u00e9lais \u00e0 respecter<br \/><\/strong><br \/><strong>Pour les actes de terrorisme :<\/strong><\/p>\n<blockquote>\n<p>&gt; La demande d\u2019indemnisation peut \u00eatre initi\u00e9e imm\u00e9diatement apr\u00e8s l\u2019acte.<br \/>&gt; Les autorit\u00e9s contactent g\u00e9n\u00e9ralement les victimes pour les informer des d\u00e9marches.<\/p>\n<\/blockquote>\n<p><strong>Pour les autres infractions :<\/strong><\/p>\n<blockquote>\n<p>&gt; La victime doit saisir la Commission d\u2019Indemnisation des Victimes d\u2019Infractions (CIVI) dans un d\u00e9lai de 3 ans apr\u00e8s l\u2019infraction (ou 1 an apr\u00e8s la d\u00e9cision judiciaire d\u00e9finitive si un proc\u00e8s a eu lieu).<br \/>&gt; La victime doit prouver :<br \/><span style=\"color: #abb5b2;\">\u2022 La r\u00e9alit\u00e9 de l\u2019infraction (certificat m\u00e9dical, d\u00e9p\u00f4t de plainte),<\/span><br \/><span style=\"color: #abb5b2;\">\u2022 Les pr\u00e9judices subis.<\/span><\/p>\n<\/blockquote>\n<p><strong><br \/>Exclusion<br \/><\/strong><br \/>Le FGTI ne prend pas en charge :<\/p>\n<blockquote>\n<p>&gt; Les pr\u00e9judices purement mat\u00e9riels (vols, d\u00e9gradations) sauf dans le cadre des attentats,<br \/>&gt; Les dommages mineurs ou temporaires,<br \/>&gt; Les situations o\u00f9 la victime a contribu\u00e9 \u00e0 l&rsquo;infraction par un comportement fautif.<\/p>\n<\/blockquote>\n<p><strong><\/strong><\/p>\n<p>[\/et_pb_text][\/et_pb_column][\/et_pb_row][\/et_pb_section][et_pb_section fb_built=\u00a0\u00bb1&Prime; _builder_version=\u00a0\u00bb4.19.5&Prime; _module_preset=\u00a0\u00bbdefault\u00a0\u00bb background_color=\u00a0\u00bb#859DA0&Prime; global_module=\u00a0\u00bb237&Prime; saved_tabs=\u00a0\u00bball\u00a0\u00bb locked=\u00a0\u00bboff\u00a0\u00bb global_colors_info=\u00a0\u00bb{}\u00a0\u00bb][et_pb_row column_structure=\u00a0\u00bb1_3,1_3,1_3&Prime; use_custom_gutter=\u00a0\u00bbon\u00a0\u00bb gutter_width=\u00a0\u00bb1&Prime; _builder_version=\u00a0\u00bb4.19.5&Prime; _module_preset=\u00a0\u00bbdefault\u00a0\u00bb max_width=\u00a0\u00bb837px\u00a0\u00bb custom_margin=\u00a0\u00bb-62px|auto||auto|false|false\u00a0\u00bb global_colors_info=\u00a0\u00bb{}\u00a0\u00bb][et_pb_column type=\u00a0\u00bb1_3&Prime; _builder_version=\u00a0\u00bb4.19.5&Prime; _module_preset=\u00a0\u00bbdefault\u00a0\u00bb global_colors_info=\u00a0\u00bb{}\u00a0\u00bb][et_pb_text _builder_version=\u00a0\u00bb4.20.4&Prime; _module_preset=\u00a0\u00bbdefault\u00a0\u00bb custom_margin=\u00a0\u00bb58px||45px||false|false\u00a0\u00bb global_colors_info=\u00a0\u00bb{}\u00a0\u00bb]<\/p>\n<p style=\"text-align: center;\"><a href=\"tel:0186261406\" target=\"_blank\" rel=\"noopener\"><span style=\"color: #ffffff;\">T\u00e9l. <span>01 86 26 14 06<\/span><\/span><\/a><br \/><a href=\"https:\/\/www.google.com\/maps?t=m&amp;hl=fr&amp;gl=FR&amp;q=4+Vla+George+Sand+75016+Paris\" target=\"_blank\" rel=\"noopener\"><span style=\"color: #ffffff;\">4 Villa George Sand<\/span><\/a><br \/><a href=\"https:\/\/www.google.com\/maps?t=m&amp;hl=fr&amp;gl=FR&amp;q=4+Vla+George+Sand+75016+Paris\" target=\"_blank\" rel=\"noopener\"><span style=\"color: #ffffff;\">76016 Paris<\/span><\/a><\/p>\n<p>[\/et_pb_text][\/et_pb_column][et_pb_column type=\u00a0\u00bb1_3&Prime; _builder_version=\u00a0\u00bb4.19.5&Prime; _module_preset=\u00a0\u00bbdefault\u00a0\u00bb global_colors_info=\u00a0\u00bb{}\u00a0\u00bb][et_pb_image src=\u00a0\u00bbhttps:\/\/alnavocate.fr\/wp-content\/uploads\/2023\/02\/Logo-aln2023-grand.png\u00a0\u00bb alt=\u00a0\u00bbLogo Alexia Leveill\u00e9-Nizerolle\u00a0\u00bb title_text=\u00a0\u00bbLogo-aln2023-grand\u00a0\u00bb align=\u00a0\u00bbcenter\u00a0\u00bb _builder_version=\u00a0\u00bb4.19.5&Prime; _module_preset=\u00a0\u00bbdefault\u00a0\u00bb width=\u00a0\u00bb62%\u00a0\u00bb custom_margin=\u00a0\u00bb0px||||false|false\u00a0\u00bb custom_padding=\u00a0\u00bb0px||||false|false\u00a0\u00bb global_colors_info=\u00a0\u00bb{}\u00a0\u00bb][\/et_pb_image][\/et_pb_column][et_pb_column type=\u00a0\u00bb1_3&Prime; _builder_version=\u00a0\u00bb4.19.5&Prime; _module_preset=\u00a0\u00bbdefault\u00a0\u00bb global_colors_info=\u00a0\u00bb{}\u00a0\u00bb][et_pb_text _builder_version=\u00a0\u00bb4.19.5&Prime; _dynamic_attributes=\u00a0\u00bblink_option_url\u00a0\u00bb _module_preset=\u00a0\u00bbdefault\u00a0\u00bb custom_margin=\u00a0\u00bb58px||45px||false|false\u00a0\u00bb link_option_url=\u00a0\u00bb@ET-DC@eyJkeW5hbWljIjp0cnVlLCJjb250ZW50IjoicG9zdF9saW5rX3VybF9wYWdlIiwic2V0dGluZ3MiOnsicG9zdF9pZCI6IjM4MiJ9fQ==@\u00a0\u00bb global_colors_info=\u00a0\u00bb{}\u00a0\u00bb]<\/p>\n<p style=\"text-align: center;\"><a href=\"https:\/\/alnavocate.fr\/index.php\/mentions-legales\"><span style=\"color: #ffffff;\">Mentions l\u00e9gales<\/span><\/a><br \/><a href=\"https:\/\/alnavocate.fr\/index.php\/plan-du-site\/\"><span style=\"color: #ffffff;\">Plan du site<\/span><\/a><br \/><a href=\"https:\/\/alnavocate.fr\/index.php\/politique-de-confidentialite\"><span style=\"color: #ffffff;\">Politique de confidentialit\u00e9<\/span><\/a><\/p>\n<p>[\/et_pb_text][\/et_pb_column][\/et_pb_row][\/et_pb_section]<\/p>\n","protected":false},"excerpt":{"rendered":"<p>Qui vous indemnise d&rsquo;une infraction pe\u0301nal ?L\u2019indemnisation des victimes d\u2019infraction par le Fonds de Garantie : Si vous avez \u00e9t\u00e9 reconnu victime d\u2019une infraction par une juridiction p\u00e9nale et que vous avez obtenu des dommages et int\u00e9r\u00eats, il faut vous faire indemniser : &#8211; Soit directement entre les mains du ou des auteurs de l\u2019infraction [&hellip;]<\/p>\n","protected":false},"author":1,"featured_media":0,"parent":0,"menu_order":0,"comment_status":"closed","ping_status":"closed","template":"","meta":{"_et_pb_use_builder":"on","_et_pb_old_content":"","_et_gb_content_width":"","footnotes":""},"class_list":["post-664","page","type-page","status-publish","hentry"],"yoast_head":"<!-- This site is optimized with the Yoast SEO plugin v24.7 - https:\/\/yoast.com\/wordpress\/plugins\/seo\/ -->\n<title>Qui vous indemnise d&#039;une infraction p\u00e9nale - ALN AVOCATE<\/title>\n<meta name=\"robots\" content=\"index, follow, max-snippet:-1, max-image-preview:large, max-video-preview:-1\" \/>\n<link rel=\"canonical\" href=\"https:\/\/alnavocate.fr\/index.php\/qui-vous-indemnise-dune-infraction-penale\/\" \/>\n<meta property=\"og:locale\" content=\"fr_FR\" \/>\n<meta property=\"og:type\" content=\"article\" \/>\n<meta property=\"og:title\" content=\"Qui vous indemnise d&#039;une infraction p\u00e9nale - ALN AVOCATE\" \/>\n<meta property=\"og:description\" content=\"Qui vous indemnise d&#039;une infraction pe\u0301nal ?L\u2019indemnisation des victimes d\u2019infraction par le Fonds de Garantie : Si vous avez \u00e9t\u00e9 reconnu victime d\u2019une infraction par une juridiction p\u00e9nale et que vous avez obtenu des dommages et int\u00e9r\u00eats, il faut vous faire indemniser : - Soit directement entre les mains du ou des auteurs de l\u2019infraction [&hellip;]\" \/>\n<meta property=\"og:url\" content=\"https:\/\/alnavocate.fr\/index.php\/qui-vous-indemnise-dune-infraction-penale\/\" \/>\n<meta property=\"og:site_name\" content=\"ALN AVOCATE\" \/>\n<meta property=\"og:image\" content=\"https:\/\/alnavocate.fr\/wp-content\/uploads\/2023\/07\/referencement-cabinet-alexia-leveille-nizerolle.jpg\" \/>\n\t<meta property=\"og:image:width\" content=\"1200\" \/>\n\t<meta property=\"og:image:height\" content=\"675\" \/>\n\t<meta property=\"og:image:type\" content=\"image\/jpeg\" \/>\n<meta name=\"twitter:card\" content=\"summary_large_image\" \/>\n<meta name=\"twitter:label1\" content=\"Dur\u00e9e de lecture estim\u00e9e\" \/>\n\t<meta name=\"twitter:data1\" content=\"6 minutes\" \/>\n<script type=\"application\/ld+json\" class=\"yoast-schema-graph\">{\"@context\":\"https:\/\/schema.org\",\"@graph\":[{\"@type\":\"WebPage\",\"@id\":\"https:\/\/alnavocate.fr\/index.php\/qui-vous-indemnise-dune-infraction-penale\/\",\"url\":\"https:\/\/alnavocate.fr\/index.php\/qui-vous-indemnise-dune-infraction-penale\/\",\"name\":\"Qui vous indemnise d'une infraction p\u00e9nale - ALN AVOCATE\",\"isPartOf\":{\"@id\":\"https:\/\/alnavocate.fr\/#website\"},\"datePublished\":\"2024-12-13T14:59:54+00:00\",\"breadcrumb\":{\"@id\":\"https:\/\/alnavocate.fr\/index.php\/qui-vous-indemnise-dune-infraction-penale\/#breadcrumb\"},\"inLanguage\":\"fr-FR\",\"potentialAction\":[{\"@type\":\"ReadAction\",\"target\":[\"https:\/\/alnavocate.fr\/index.php\/qui-vous-indemnise-dune-infraction-penale\/\"]}]},{\"@type\":\"BreadcrumbList\",\"@id\":\"https:\/\/alnavocate.fr\/index.php\/qui-vous-indemnise-dune-infraction-penale\/#breadcrumb\",\"itemListElement\":[{\"@type\":\"ListItem\",\"position\":1,\"name\":\"Accueil\",\"item\":\"https:\/\/alnavocate.fr\/\"},{\"@type\":\"ListItem\",\"position\":2,\"name\":\"Qui vous indemnise d&rsquo;une infraction p\u00e9nale\"}]},{\"@type\":\"WebSite\",\"@id\":\"https:\/\/alnavocate.fr\/#website\",\"url\":\"https:\/\/alnavocate.fr\/\",\"name\":\"ALN AVOCATE\",\"description\":\"Alexia LEVEILL\u00c9-NIZEROLLE - Avocat au barreau de Paris\",\"alternateName\":\"Alexia LEVEILL\u00c9-NIZEROLLE\",\"potentialAction\":[{\"@type\":\"SearchAction\",\"target\":{\"@type\":\"EntryPoint\",\"urlTemplate\":\"https:\/\/alnavocate.fr\/?s={search_term_string}\"},\"query-input\":{\"@type\":\"PropertyValueSpecification\",\"valueRequired\":true,\"valueName\":\"search_term_string\"}}],\"inLanguage\":\"fr-FR\"}]}<\/script>\n<!-- \/ Yoast SEO plugin. -->","yoast_head_json":{"title":"Qui vous indemnise d'une infraction p\u00e9nale - ALN AVOCATE","robots":{"index":"index","follow":"follow","max-snippet":"max-snippet:-1","max-image-preview":"max-image-preview:large","max-video-preview":"max-video-preview:-1"},"canonical":"https:\/\/alnavocate.fr\/index.php\/qui-vous-indemnise-dune-infraction-penale\/","og_locale":"fr_FR","og_type":"article","og_title":"Qui vous indemnise d'une infraction p\u00e9nale - ALN AVOCATE","og_description":"Qui vous indemnise d'une infraction pe\u0301nal ?L\u2019indemnisation des victimes d\u2019infraction par le Fonds de Garantie : Si vous avez \u00e9t\u00e9 reconnu victime d\u2019une infraction par une juridiction p\u00e9nale et que vous avez obtenu des dommages et int\u00e9r\u00eats, il faut vous faire indemniser : - Soit directement entre les mains du ou des auteurs de l\u2019infraction [&hellip;]","og_url":"https:\/\/alnavocate.fr\/index.php\/qui-vous-indemnise-dune-infraction-penale\/","og_site_name":"ALN AVOCATE","og_image":[{"width":1200,"height":675,"url":"https:\/\/alnavocate.fr\/wp-content\/uploads\/2023\/07\/referencement-cabinet-alexia-leveille-nizerolle.jpg","type":"image\/jpeg"}],"twitter_card":"summary_large_image","twitter_misc":{"Dur\u00e9e de lecture estim\u00e9e":"6 minutes"},"schema":{"@context":"https:\/\/schema.org","@graph":[{"@type":"WebPage","@id":"https:\/\/alnavocate.fr\/index.php\/qui-vous-indemnise-dune-infraction-penale\/","url":"https:\/\/alnavocate.fr\/index.php\/qui-vous-indemnise-dune-infraction-penale\/","name":"Qui vous indemnise d'une infraction p\u00e9nale - ALN AVOCATE","isPartOf":{"@id":"https:\/\/alnavocate.fr\/#website"},"datePublished":"2024-12-13T14:59:54+00:00","breadcrumb":{"@id":"https:\/\/alnavocate.fr\/index.php\/qui-vous-indemnise-dune-infraction-penale\/#breadcrumb"},"inLanguage":"fr-FR","potentialAction":[{"@type":"ReadAction","target":["https:\/\/alnavocate.fr\/index.php\/qui-vous-indemnise-dune-infraction-penale\/"]}]},{"@type":"BreadcrumbList","@id":"https:\/\/alnavocate.fr\/index.php\/qui-vous-indemnise-dune-infraction-penale\/#breadcrumb","itemListElement":[{"@type":"ListItem","position":1,"name":"Accueil","item":"https:\/\/alnavocate.fr\/"},{"@type":"ListItem","position":2,"name":"Qui vous indemnise d&rsquo;une infraction p\u00e9nale"}]},{"@type":"WebSite","@id":"https:\/\/alnavocate.fr\/#website","url":"https:\/\/alnavocate.fr\/","name":"ALN AVOCATE","description":"Alexia LEVEILL\u00c9-NIZEROLLE - Avocat au barreau de Paris","alternateName":"Alexia LEVEILL\u00c9-NIZEROLLE","potentialAction":[{"@type":"SearchAction","target":{"@type":"EntryPoint","urlTemplate":"https:\/\/alnavocate.fr\/?s={search_term_string}"},"query-input":{"@type":"PropertyValueSpecification","valueRequired":true,"valueName":"search_term_string"}}],"inLanguage":"fr-FR"}]}},"_links":{"self":[{"href":"https:\/\/alnavocate.fr\/index.php\/wp-json\/wp\/v2\/pages\/664","targetHints":{"allow":["GET"]}}],"collection":[{"href":"https:\/\/alnavocate.fr\/index.php\/wp-json\/wp\/v2\/pages"}],"about":[{"href":"https:\/\/alnavocate.fr\/index.php\/wp-json\/wp\/v2\/types\/page"}],"author":[{"embeddable":true,"href":"https:\/\/alnavocate.fr\/index.php\/wp-json\/wp\/v2\/users\/1"}],"replies":[{"embeddable":true,"href":"https:\/\/alnavocate.fr\/index.php\/wp-json\/wp\/v2\/comments?post=664"}],"version-history":[{"count":5,"href":"https:\/\/alnavocate.fr\/index.php\/wp-json\/wp\/v2\/pages\/664\/revisions"}],"predecessor-version":[{"id":672,"href":"https:\/\/alnavocate.fr\/index.php\/wp-json\/wp\/v2\/pages\/664\/revisions\/672"}],"wp:attachment":[{"href":"https:\/\/alnavocate.fr\/index.php\/wp-json\/wp\/v2\/media?parent=664"}],"curies":[{"name":"wp","href":"https:\/\/api.w.org\/{rel}","templated":true}]}}